{"id":991,"date":"2025-08-05T15:35:55","date_gmt":"2025-08-05T13:35:55","guid":{"rendered":"https:\/\/www.rsg-kostheim.de\/wordpress\/?page_id=991"},"modified":"2025-08-05T15:35:55","modified_gmt":"2025-08-05T13:35:55","slug":"impressum","status":"publish","type":"page","link":"https:\/\/www.rsg-kostheim.de\/wordpress\/impressum\/","title":{"rendered":"Impressum"},"content":{"rendered":"\n<h3 class=\"wp-block-heading\">Anbieterkennzeichnung nach \u00a7 6 Teledienstgesetz<\/h3>\n\n\n\n<p class=\"wp-block-paragraph\">Reitsportgemeinschaft Mainz-Kostheim 1972 e.V.<br>1. Vorsitzende Sabine Koch<br>Bruchst\u00fcck 1<br>55246 Mainz-Kostheim<\/p>\n\n\n\n<h3 class=\"wp-block-heading\">Verwendung der Webseiten; Produkthaftung<\/h3>\n\n\n\n<p class=\"wp-block-paragraph\">Die Informationen auf diesen Webseiten sowie die in diesen Informationen beschriebenen Produkte und Dienstleistungen k\u00f6nnen ohne vorherige Ank\u00fcndigung von der Reitsportgemeinschaft Mainz-Kostheim 1972 e.V. jederzeit ge\u00e4ndert oder aktualisiert werden. Soweit nicht ausdr\u00fccklich anderweitig erkl\u00e4rt, enthalten die Webseiten von der Reitsportgemeinschaft Mainz-Kostheim 1972 e.V. keinerlei Zusicherungen oder Gew\u00e4hrleistungen &#8211; sei es ausdr\u00fccklich oder stillschweigend &#8211; auch nicht hinsichtlich der Aktualit\u00e4t, Korrektheit, Vollst\u00e4ndigkeit und Qualit\u00e4t der Informationen. Die Reitsportgemeinschaft Mainz-Kostheim 1972 e.V. \u00fcbernimmt keine Haftung im Zusammenhang mit seinen Webseiten. Eine Haftung f\u00fcr jegliche unmittelbaren oder mittelbaren Sch\u00e4den, Schadenersatzforderungen, Folgesch\u00e4den gleich welcher Art und aus welchem Rechtsgrund, die durch Ihren Zugriff oder die Verwendung der Webseiten entstehen, insbesondere auch durch Infizierung Ihrer Computerumgebung mit Viren, ist ausgeschlossen.<\/p>\n\n\n\n<h3 class=\"wp-block-heading\">Infos<\/h3>\n\n\n\n<p class=\"wp-block-paragraph\">Die Informationen auf diesen Webseiten sind unverbindlich und werden ausschliesslich zu Informationszwecken zur Verf\u00fcgung gestellt.<\/p>\n\n\n\n<h3 class=\"wp-block-heading\">Schutz der Privatsph\u00e4re<\/h3>\n\n\n\n<p class=\"wp-block-paragraph\">Die Reitsportgemeinschaft Mainz-Kostheim 1972 e.V. speichert pers\u00f6nliche Daten \u00fcber Nutzer ihrer Webseiten nur soweit eine Einwilligung hierf\u00fcr erteilt wurde. Daneben werden nur Daten gespeichert, die sich auf das Datum und die Uhrzeit des Besuchs, die besuchten Seiten, den Namen des Internet Service Providers und die Webseite, von der aus der Nutzer auf die Reitsportgemeinschaft Mainz-Kostheim 1972 e.V.-Webseiten zugegriffen hat, beziehen. Die Reitsportgemeinschaft Mainz-Kostheim 1972 e.V. verwendet diese Daten zur Messung der Webseiten-Aktivit\u00e4ten, zur Erstellung von Statistiken und zur Verbesserung der durch die Webseiten zur Verf\u00fcgung gestellten Dienstleistungen und Informationen. Pers\u00f6nliche Daten des Nutzers, zu deren Verwertung der Nutzer eine Einwilligung erteilt hat, werden nur zur Bearbeitung einer Anfrage oder im Rahmen, in welchem eine Einwilligung erteilt wurde und unter Beachtung der anwendbaren datenschutzrechtlichen Vorschriften verwendet. Die Reitsportgemeinschaft Mainz-Kostheim 1972 e.V. wird diese Daten niemals anderen Unternehmen zu deren unabh\u00e4ngigen Verwendung \u00fcbermitteln. Die Reitsportgemeinschaft Mainz-Kostheim 1972 e.V. wird keinem Unternehmen Daten (pers\u00f6nlich oder nicht-pers\u00f6nlich) zur unabh\u00e4ngigen Nutzung zur Verf\u00fcgung stellen.<\/p>\n\n\n\n<h3 class=\"wp-block-heading\">Marken und Produktrechte<\/h3>\n\n\n\n<p class=\"wp-block-paragraph\">Die Marken und Logos (die &#8222;Marken&#8220;), die auf diesen Webseiten dargestellt sind, sind Eigentum von der Reitsportgemeinschaft Mainz-Kostheim 1972 e.V. oder der jeweiligen Firmen. Keine der Informationen auf diesen Webseiten ist als eine Gew\u00e4hrung von Lizenzen oder Marken auszulegen. Hierf\u00fcr ist eine ausdr\u00fcckliche schriftliche Einwilligung von der Reitsportgemeinschaft Mainz-Kostheim 1972 e.V. oder der sie innehabenden Firma notwendig. Die unbefugte Verwendung dieser Marken ist strengstens verboten.&nbsp;<\/p>\n\n\n\n<h3 class=\"wp-block-heading\">Copyright 2007 Reitsportgemeinschaft Mainz-Kostheim 1972 e.V.<\/h3>\n\n\n\n<p class=\"wp-block-paragraph\">Alle Rechte vorbehalten. Alle Texte, Bilder, Grafiken, Animationen, Videos, Musik, Ger\u00e4usche und andere Materialien auf diesen Webseiten unterliegen dem Urheberrecht und anderen geistigen Eigentumsrechten von der Reitsportgemeinschaft Mainz-Kostheim 1972 e.V. oder der jeweiligen Firmen. Die Reitsportgemeinschaft Mainz-Kostheim 1972 e.V. hat die Urheberrechte f\u00fcr die Auswahl, Koordination und Anordnung der Materialien auf dieser Webseite. Diese Materialien d\u00fcrfen nicht zur kommerziellen Verwendung oder Verteilung kopiert werden, und diese Materialien d\u00fcrfen auch nicht modifiziert oder an andere Webseiten weiter geleitet werden.<\/p>\n","protected":false},"excerpt":{"rendered":"<p>Anbieterkennzeichnung nach \u00a7 6 Teledienstgesetz Reitsportgemeinschaft Mainz-Kostheim 1972 e.V.1. Vorsitzende Sabine KochBruchst\u00fcck 155246 Mainz-Kostheim Verwendung der Webseiten; Produkthaftung Die Informationen auf diesen Webseiten sowie die in diesen Informationen beschriebenen Produkte und Dienstleistungen k\u00f6nnen ohne vorherige Ank\u00fcndigung von der Reitsportgemeinschaft Mainz-Kostheim 1972 e.V. jederzeit ge\u00e4ndert oder aktualisiert werden. Soweit nicht ausdr\u00fccklich anderweitig erkl\u00e4rt, enthalten die Webseiten von der Reitsportgemeinschaft Mainz-Kostheim 1972 e.V. keinerlei Zusicherungen oder Gew\u00e4hrleistungen &#8211; sei es ausdr\u00fccklich oder stillschweigend &#8211; auch nicht hinsichtlich der Aktualit\u00e4t, Korrektheit, Vollst\u00e4ndigkeit und Qualit\u00e4t der Informationen. Die Reitsportgemeinschaft Mainz-Kostheim 1972 e.V. \u00fcbernimmt keine Haftung im Zusammenhang mit seinen Webseiten. Eine Haftung f\u00fcr jegliche unmittelbaren oder mittelbaren Sch\u00e4den, Schadenersatzforderungen, Folgesch\u00e4den gleich welcher Art und aus welchem Rechtsgrund, die durch Ihren Zugriff oder die Verwendung der Webseiten entstehen, insbesondere auch durch Infizierung Ihrer Computerumgebung mit Viren, ist ausgeschlossen. Infos Die Informationen auf diesen Webseiten sind unverbindlich und werden ausschliesslich zu Informationszwecken zur Verf\u00fcgung gestellt. Schutz der Privatsph\u00e4re Die Reitsportgemeinschaft Mainz-Kostheim 1972 e.V. speichert pers\u00f6nliche Daten \u00fcber Nutzer ihrer Webseiten nur soweit eine Einwilligung hierf\u00fcr erteilt wurde. Daneben werden nur Daten gespeichert, die sich auf das Datum und die Uhrzeit des Besuchs, die besuchten Seiten, den Namen des Internet Service Providers und die Webseite, von der aus der Nutzer auf die Reitsportgemeinschaft Mainz-Kostheim 1972 e.V.-Webseiten zugegriffen hat, beziehen. Die Reitsportgemeinschaft Mainz-Kostheim 1972 e.V. verwendet diese Daten zur Messung der Webseiten-Aktivit\u00e4ten, zur Erstellung von Statistiken und zur Verbesserung der durch die Webseiten zur Verf\u00fcgung gestellten Dienstleistungen und Informationen. Pers\u00f6nliche Daten des Nutzers, zu deren Verwertung der Nutzer eine Einwilligung erteilt hat, werden nur zur Bearbeitung einer Anfrage oder im Rahmen, in welchem eine Einwilligung erteilt wurde und unter Beachtung der anwendbaren datenschutzrechtlichen Vorschriften verwendet. Die Reitsportgemeinschaft Mainz-Kostheim 1972 e.V. wird diese Daten niemals anderen Unternehmen zu deren unabh\u00e4ngigen Verwendung \u00fcbermitteln. Die Reitsportgemeinschaft Mainz-Kostheim 1972 e.V. wird keinem Unternehmen Daten (pers\u00f6nlich oder nicht-pers\u00f6nlich) zur unabh\u00e4ngigen Nutzung zur Verf\u00fcgung stellen. Marken und Produktrechte Die Marken und Logos (die &#8222;Marken&#8220;), die auf diesen Webseiten dargestellt sind, sind Eigentum von der Reitsportgemeinschaft Mainz-Kostheim 1972 e.V. oder der jeweiligen Firmen. Keine der Informationen auf diesen Webseiten ist als eine Gew\u00e4hrung von Lizenzen oder Marken auszulegen. Hierf\u00fcr ist eine ausdr\u00fcckliche schriftliche Einwilligung von der Reitsportgemeinschaft Mainz-Kostheim 1972 e.V. oder der sie innehabenden Firma notwendig. Die unbefugte Verwendung dieser Marken ist strengstens verboten.&nbsp; Copyright 2007 Reitsportgemeinschaft Mainz-Kostheim 1972 e.V. Alle Rechte vorbehalten. Alle Texte, Bilder, Grafiken, Animationen, Videos, Musik, Ger\u00e4usche und andere Materialien auf diesen Webseiten unterliegen dem Urheberrecht und anderen geistigen Eigentumsrechten von der Reitsportgemeinschaft Mainz-Kostheim 1972 e.V. oder der jeweiligen Firmen. Die Reitsportgemeinschaft Mainz-Kostheim 1972 e.V. hat die Urheberrechte f\u00fcr die Auswahl, Koordination und Anordnung der Materialien auf dieser Webseite. Diese Materialien d\u00fcrfen nicht zur kommerziellen Verwendung oder Verteilung kopiert werden, und diese Materialien d\u00fcrfen auch nicht modifiziert oder an andere Webseiten weiter geleitet werden.<\/p>\n","protected":false},"author":1,"featured_media":0,"parent":0,"menu_order":0,"comment_status":"closed","ping_status":"closed","template":"","meta":{"_crdt_document":"","footnotes":""},"class_list":["post-991","page","type-page","status-publish","hentry"],"_links":{"self":[{"href":"https:\/\/www.rsg-kostheim.de\/wordpress\/wp-json\/wp\/v2\/pages\/991","targetHints":{"allow":["GET"]}}],"collection":[{"href":"https:\/\/www.rsg-kostheim.de\/wordpress\/wp-json\/wp\/v2\/pages"}],"about":[{"href":"https:\/\/www.rsg-kostheim.de\/wordpress\/wp-json\/wp\/v2\/types\/page"}],"author":[{"embeddable":true,"href":"https:\/\/www.rsg-kostheim.de\/wordpress\/wp-json\/wp\/v2\/users\/1"}],"replies":[{"embeddable":true,"href":"https:\/\/www.rsg-kostheim.de\/wordpress\/wp-json\/wp\/v2\/comments?post=991"}],"version-history":[{"count":1,"href":"https:\/\/www.rsg-kostheim.de\/wordpress\/wp-json\/wp\/v2\/pages\/991\/revisions"}],"predecessor-version":[{"id":992,"href":"https:\/\/www.rsg-kostheim.de\/wordpress\/wp-json\/wp\/v2\/pages\/991\/revisions\/992"}],"wp:attachment":[{"href":"https:\/\/www.rsg-kostheim.de\/wordpress\/wp-json\/wp\/v2\/media?parent=991"}],"curies":[{"name":"wp","href":"https:\/\/api.w.org\/{rel}","templated":true}]}}