{"id":985,"date":"2025-08-05T15:23:13","date_gmt":"2025-08-05T13:23:13","guid":{"rendered":"https:\/\/www.rsg-kostheim.de\/wordpress\/?page_id=985"},"modified":"2025-09-15T10:31:49","modified_gmt":"2025-09-15T08:31:49","slug":"anfahrt-so-kommst-du-zu-uns","status":"publish","type":"page","link":"https:\/\/www.rsg-kostheim.de\/wordpress\/anfahrt-so-kommst-du-zu-uns\/","title":{"rendered":"Anfahrt &#8211; So kommst du zu uns!"},"content":{"rendered":"\n<p class=\"wp-block-paragraph\">Wir freuen uns sehr, wenn ihr bei uns vorbeikommen m\u00f6chtet.<\/p>\n\n\n\n<p class=\"wp-block-paragraph\">Die Adresse unserer sch\u00f6nen Reitanlage ist <strong>Bruchst\u00fcck 1, 65239 Wiesbaden<\/strong>.<\/p>\n\n\n\n<iframe loading=\"lazy\" width=\"425\" height=\"350\" src=\"https:\/\/www.openstreetmap.org\/export\/embed.html?bbox=8.327738642692568%2C50.00398785079543%2C8.332630991935732%2C50.00638063065937&amp;layer=mapnik\" style=\"border: 1px solid black\"><\/iframe><br\/><small><a href=\"https:\/\/www.openstreetmap.org\/?#map=18\/50.005184\/8.330185\">Gr\u00f6\u00dfere Karte anzeigen<\/a><\/small>\n\n\n\n<p class=\"wp-block-paragraph\"><strong>Achtung: <\/strong>Manche Navigationssysteme\/Routenplaner kennen das &#8222;Bruchst\u00fcck&#8220; nicht und schlagen die &#8222;Bruchstra\u00dfe&#8220; in Mainz-Kostheim als Alternative vor, die liegt leider mitten im alten Ortskern von Mainz-Kostheim, wo es f\u00fcr Anh\u00e4nger und LKW sehr eng werden kann.<br>Von der B40 (von Mainz-Kostheim nach Hochheim am Main) ist der Weg beschildert. Es geht an der Ampel direkt hinter dem Ortsausgang rechts ab und dann von der Bruchstrasse zweimal links auf einen kleinen Feldweg, der auf den offiziellen Karten nicht eingezeichnet ist. Der Feldweg verbindet die Bruchstra\u00dfe direkt mit dem Bruchst\u00fcck und ist auch f\u00fcr LKW und PKW mit Anh\u00e4nger geeignet.<\/p>\n\n\n\n<p class=\"wp-block-paragraph\">Wir bitten alle Besucher*innen nicht den Weg \u00fcber das Pfandloch zu w\u00e4hlen, sondern der offiziellen Beschilderung zu folgen.<\/p>\n","protected":false},"excerpt":{"rendered":"<p>Wir freuen uns sehr, wenn ihr bei uns vorbeikommen m\u00f6chtet. Die Adresse unserer sch\u00f6nen Reitanlage ist Bruchst\u00fcck 1, 65239 Wiesbaden. Gr\u00f6\u00dfere Karte anzeigen Achtung: Manche Navigationssysteme\/Routenplaner kennen das &#8222;Bruchst\u00fcck&#8220; nicht und schlagen die &#8222;Bruchstra\u00dfe&#8220; in Mainz-Kostheim als Alternative vor, die liegt leider mitten im alten Ortskern von Mainz-Kostheim, wo es f\u00fcr Anh\u00e4nger und LKW sehr eng werden kann.Von der B40 (von Mainz-Kostheim nach Hochheim am Main) ist der Weg beschildert. Es geht an der Ampel direkt hinter dem Ortsausgang rechts ab und dann von der Bruchstrasse zweimal links auf einen kleinen Feldweg, der auf den offiziellen Karten nicht eingezeichnet ist. Der Feldweg verbindet die Bruchstra\u00dfe direkt mit dem Bruchst\u00fcck und ist auch f\u00fcr LKW und PKW mit Anh\u00e4nger geeignet. Wir bitten alle Besucher*innen nicht den Weg \u00fcber das Pfandloch zu w\u00e4hlen, sondern der offiziellen Beschilderung zu folgen.<\/p>\n","protected":false},"author":1,"featured_media":0,"parent":0,"menu_order":0,"comment_status":"closed","ping_status":"closed","template":"","meta":{"_crdt_document":"","footnotes":""},"class_list":["post-985","page","type-page","status-publish","hentry"],"_links":{"self":[{"href":"https:\/\/www.rsg-kostheim.de\/wordpress\/wp-json\/wp\/v2\/pages\/985","targetHints":{"allow":["GET"]}}],"collection":[{"href":"https:\/\/www.rsg-kostheim.de\/wordpress\/wp-json\/wp\/v2\/pages"}],"about":[{"href":"https:\/\/www.rsg-kostheim.de\/wordpress\/wp-json\/wp\/v2\/types\/page"}],"author":[{"embeddable":true,"href":"https:\/\/www.rsg-kostheim.de\/wordpress\/wp-json\/wp\/v2\/users\/1"}],"replies":[{"embeddable":true,"href":"https:\/\/www.rsg-kostheim.de\/wordpress\/wp-json\/wp\/v2\/comments?post=985"}],"version-history":[{"count":3,"href":"https:\/\/www.rsg-kostheim.de\/wordpress\/wp-json\/wp\/v2\/pages\/985\/revisions"}],"predecessor-version":[{"id":1609,"href":"https:\/\/www.rsg-kostheim.de\/wordpress\/wp-json\/wp\/v2\/pages\/985\/revisions\/1609"}],"wp:attachment":[{"href":"https:\/\/www.rsg-kostheim.de\/wordpress\/wp-json\/wp\/v2\/media?parent=985"}],"curies":[{"name":"wp","href":"https:\/\/api.w.org\/{rel}","templated":true}]}}