{"id":1643,"date":"2025-10-04T11:17:35","date_gmt":"2025-10-04T09:17:35","guid":{"rendered":"https:\/\/www.rsg-kostheim.de\/wordpress\/?page_id=1643"},"modified":"2026-01-11T16:22:26","modified_gmt":"2026-01-11T15:22:26","slug":"event-rueckblick","status":"publish","type":"page","link":"https:\/\/www.rsg-kostheim.de\/wordpress\/event-rueckblick\/","title":{"rendered":"Event-R\u00fcckblick"},"content":{"rendered":"\n<blockquote class=\"wp-block-quote is-layout-flow wp-block-quote-is-layout-flow\">\n<p class=\"wp-block-paragraph\"><\/p>\n<\/blockquote>\n\n\n\n<p class=\"wp-block-paragraph\">Vergangene Events erz\u00e4hlen Geschichten \u2013 von besonderen Momenten, strahlenden Gesichtern und gemeinsamen Erlebnissen, die in Erinnerung bleiben. Auf dieser Seite werfen wir einen Blick zur\u00fcck auf Highlights der letzten Zeit: mit kurzen Texten, Bildern und Impressionen, die zeigen, was wir gemeinsam erlebt und gefeiert haben.<\/p>\n\n\n\n<p class=\"wp-block-paragraph\">Ob inspirierende Veranstaltungen, mitrei\u00dfende Events oder einfach sch\u00f6ne Begegnungen \u2013 hier findest du einen R\u00fcckblick auf unsere besonderen Augenblicke. Viel Freude beim St\u00f6bern und Erinnern!<\/p>\n\n\n\n<div style=\"height:60px\" aria-hidden=\"true\" class=\"wp-block-spacer\"><\/div>\n\n\n\n<div class=\"wp-block-query is-layout-flow wp-block-query-is-layout-flow\"><ul class=\"wp-block-post-template is-layout-flow wp-block-post-template-is-layout-flow\"><li class=\"wp-block-post post-2266 post type-post status-publish format-standard has-post-thumbnail hentry category-lehrgang\">\n\n<div class=\"wp-block-columns alignwide is-layout-flex wp-container-core-columns-is-layout-7387b849 wp-block-columns-is-layout-flex\">\n<div class=\"wp-block-column is-layout-flow wp-block-column-is-layout-flow\" style=\"flex-basis:66.66%\"><figure style=\"aspect-ratio:3\/2;\" class=\"wp-block-post-featured-image\"><a href=\"https:\/\/www.rsg-kostheim.de\/wordpress\/working-equitation-trainingstag-2026\/\" target=\"_self\"  ><img loading=\"lazy\" decoding=\"async\" width=\"2048\" height=\"1536\" src=\"https:\/\/www.rsg-kostheim.de\/wordpress\/wp-content\/uploads\/2026\/04\/signal-2026-04-11-191342_022.jpeg\" class=\"attachment-post-thumbnail size-post-thumbnail wp-post-image\" alt=\"Working Equitation Trainingstag 2026\" style=\"width:100%;height:100%;object-fit:cover;\" srcset=\"https:\/\/www.rsg-kostheim.de\/wordpress\/wp-content\/uploads\/2026\/04\/signal-2026-04-11-191342_022.jpeg 2048w, https:\/\/www.rsg-kostheim.de\/wordpress\/wp-content\/uploads\/2026\/04\/signal-2026-04-11-191342_022-300x225.jpeg 300w, https:\/\/www.rsg-kostheim.de\/wordpress\/wp-content\/uploads\/2026\/04\/signal-2026-04-11-191342_022-768x576.jpeg 768w, https:\/\/www.rsg-kostheim.de\/wordpress\/wp-content\/uploads\/2026\/04\/signal-2026-04-11-191342_022-1024x768.jpeg 1024w, https:\/\/www.rsg-kostheim.de\/wordpress\/wp-content\/uploads\/2026\/04\/signal-2026-04-11-191342_022-1536x1152.jpeg 1536w, https:\/\/www.rsg-kostheim.de\/wordpress\/wp-content\/uploads\/2026\/04\/signal-2026-04-11-191342_022-1140x855.jpeg 1140w\" sizes=\"auto, (max-width: 2048px) 100vw, 2048px\" \/><\/a><\/figure><\/div>\n\n\n\n<div class=\"wp-block-column is-layout-flow wp-block-column-is-layout-flow\" style=\"flex-basis:33.33%\"><h4 class=\"wp-block-post-title\"><a href=\"https:\/\/www.rsg-kostheim.de\/wordpress\/working-equitation-trainingstag-2026\/\" target=\"_self\" >Working Equitation Trainingstag 2026<\/a><\/h4>\n\n<div class=\"wp-block-post-excerpt\"><p class=\"wp-block-post-excerpt__excerpt\">Am Samstag, 11.04.2026, haben wir bei der RSG Mainz-Kostheim mal wieder etwas Neues ausprobiert und einen Working Equitation Trainingstag organisiert. Working Equitation ist eine Reitsportart, bei der Pferd und Reiter zusammen Aufgaben l\u00f6sen \u2013 fast wie ein Geschicklichkeits-Parcours. Dabei&hellip;<\/p><p class=\"wp-block-post-excerpt__more-text\"><a class=\"wp-block-post-excerpt__more-link\" href=\"https:\/\/www.rsg-kostheim.de\/wordpress\/working-equitation-trainingstag-2026\/\">Weiterlesen und Bilder ansehen<\/a><\/p><\/div><\/div>\n<\/div>\n\n<\/li><li class=\"wp-block-post post-2200 post type-post status-publish format-standard has-post-thumbnail hentry category-veranstaltung tag-fastnacht tag-kostuem tag-trail tag-veranstaltung\">\n\n<div class=\"wp-block-columns alignwide is-layout-flex wp-container-core-columns-is-layout-7387b849 wp-block-columns-is-layout-flex\">\n<div class=\"wp-block-column is-layout-flow wp-block-column-is-layout-flow\" style=\"flex-basis:66.66%\"><figure style=\"aspect-ratio:3\/2;\" class=\"wp-block-post-featured-image\"><a href=\"https:\/\/www.rsg-kostheim.de\/wordpress\/fastnacht-kostuemtrail-2026\/\" target=\"_self\"  ><img loading=\"lazy\" decoding=\"async\" width=\"1920\" height=\"2560\" src=\"https:\/\/www.rsg-kostheim.de\/wordpress\/wp-content\/uploads\/2026\/02\/20260214_143230-scaled.jpg\" class=\"attachment-post-thumbnail size-post-thumbnail wp-post-image\" alt=\"Fastnacht Kost\u00fcmtrail 2026\" style=\"width:100%;height:100%;object-fit:cover;\" srcset=\"https:\/\/www.rsg-kostheim.de\/wordpress\/wp-content\/uploads\/2026\/02\/20260214_143230-scaled.jpg 1920w, https:\/\/www.rsg-kostheim.de\/wordpress\/wp-content\/uploads\/2026\/02\/20260214_143230-225x300.jpg 225w, https:\/\/www.rsg-kostheim.de\/wordpress\/wp-content\/uploads\/2026\/02\/20260214_143230-768x1024.jpg 768w, https:\/\/www.rsg-kostheim.de\/wordpress\/wp-content\/uploads\/2026\/02\/20260214_143230-1152x1536.jpg 1152w, https:\/\/www.rsg-kostheim.de\/wordpress\/wp-content\/uploads\/2026\/02\/20260214_143230-1536x2048.jpg 1536w, https:\/\/www.rsg-kostheim.de\/wordpress\/wp-content\/uploads\/2026\/02\/20260214_143230-1140x1520.jpg 1140w\" sizes=\"auto, (max-width: 1920px) 100vw, 1920px\" \/><\/a><\/figure><\/div>\n\n\n\n<div class=\"wp-block-column is-layout-flow wp-block-column-is-layout-flow\" style=\"flex-basis:33.33%\"><h4 class=\"wp-block-post-title\"><a href=\"https:\/\/www.rsg-kostheim.de\/wordpress\/fastnacht-kostuemtrail-2026\/\" target=\"_self\" >Fastnacht Kost\u00fcmtrail 2026<\/a><\/h4>\n\n<div class=\"wp-block-post-excerpt\"><p class=\"wp-block-post-excerpt__excerpt\">Am Samstag, 14.02.2026, waren in unserer Reithalle die N\u00e4rrinnen und Narren los! Kunterbunt kost\u00fcmiert, geschminkt und geschm\u00fcckt haben sich zahlreiche Kinder und Erwachsene nicht den Spa\u00df nehmen lassen, an unserem Kost\u00fcmtrail teilzunehmen.<\/p><p class=\"wp-block-post-excerpt__more-text\"><a class=\"wp-block-post-excerpt__more-link\" href=\"https:\/\/www.rsg-kostheim.de\/wordpress\/fastnacht-kostuemtrail-2026\/\">Weiterlesen und Bilder ansehen<\/a><\/p><\/div><\/div>\n<\/div>\n\n<\/li><li class=\"wp-block-post post-2119 post type-post status-publish format-standard has-post-thumbnail hentry category-lehrgang tag-abzeichen tag-lehrgang tag-pferdefuehrerschein tag-pruefung\">\n\n<div class=\"wp-block-columns alignwide is-layout-flex wp-container-core-columns-is-layout-7387b849 wp-block-columns-is-layout-flex\">\n<div class=\"wp-block-column is-layout-flow wp-block-column-is-layout-flow\" style=\"flex-basis:66.66%\"><figure style=\"aspect-ratio:3\/2;\" class=\"wp-block-post-featured-image\"><a href=\"https:\/\/www.rsg-kostheim.de\/wordpress\/pferdefuehrerschein-2026\/\" target=\"_self\"  ><img loading=\"lazy\" decoding=\"async\" width=\"1536\" height=\"2048\" src=\"https:\/\/www.rsg-kostheim.de\/wordpress\/wp-content\/uploads\/2026\/01\/IMG_6296.jpg\" class=\"attachment-post-thumbnail size-post-thumbnail wp-post-image\" alt=\"Lehrgang &#8222;Pferdef\u00fchrerschein Umgang&#8220; &#8211; Januar 2026\" style=\"width:100%;height:100%;object-fit:cover;\" srcset=\"https:\/\/www.rsg-kostheim.de\/wordpress\/wp-content\/uploads\/2026\/01\/IMG_6296.jpg 1536w, https:\/\/www.rsg-kostheim.de\/wordpress\/wp-content\/uploads\/2026\/01\/IMG_6296-225x300.jpg 225w, https:\/\/www.rsg-kostheim.de\/wordpress\/wp-content\/uploads\/2026\/01\/IMG_6296-768x1024.jpg 768w, https:\/\/www.rsg-kostheim.de\/wordpress\/wp-content\/uploads\/2026\/01\/IMG_6296-1152x1536.jpg 1152w, https:\/\/www.rsg-kostheim.de\/wordpress\/wp-content\/uploads\/2026\/01\/IMG_6296-1140x1520.jpg 1140w\" sizes=\"auto, (max-width: 1536px) 100vw, 1536px\" \/><\/a><\/figure><\/div>\n\n\n\n<div class=\"wp-block-column is-layout-flow wp-block-column-is-layout-flow\" style=\"flex-basis:33.33%\"><h4 class=\"wp-block-post-title\"><a href=\"https:\/\/www.rsg-kostheim.de\/wordpress\/pferdefuehrerschein-2026\/\" target=\"_self\" >Lehrgang &#8222;Pferdef\u00fchrerschein Umgang&#8220; &#8211; Januar 2026<\/a><\/h4>\n\n<div class=\"wp-block-post-excerpt\"><p class=\"wp-block-post-excerpt__excerpt\">Das Jahr 2026 begann bei uns direkt mit einem spannenden Lehrgang zum &#8222;Pferdef\u00fchrerschein Umgang&#8220; vom 02.-08. Januar mit anschlie\u00dfender Pr\u00fcfung am 11. Januar.<\/p><p class=\"wp-block-post-excerpt__more-text\"><a class=\"wp-block-post-excerpt__more-link\" href=\"https:\/\/www.rsg-kostheim.de\/wordpress\/pferdefuehrerschein-2026\/\">Weiterlesen und Bilder ansehen<\/a><\/p><\/div><\/div>\n<\/div>\n\n<\/li><li class=\"wp-block-post post-2013 post type-post status-publish format-standard has-post-thumbnail hentry category-veranstaltung tag-nikolaus tag-show tag-veranstaltung tag-weihnachtsfeier\">\n\n<div class=\"wp-block-columns alignwide is-layout-flex wp-container-core-columns-is-layout-7387b849 wp-block-columns-is-layout-flex\">\n<div class=\"wp-block-column is-layout-flow wp-block-column-is-layout-flow\" style=\"flex-basis:66.66%\"><figure style=\"aspect-ratio:3\/2;\" class=\"wp-block-post-featured-image\"><a href=\"https:\/\/www.rsg-kostheim.de\/wordpress\/weihnachtsfeier-2025\/\" target=\"_self\"  ><img loading=\"lazy\" decoding=\"async\" width=\"2560\" height=\"1707\" src=\"https:\/\/www.rsg-kostheim.de\/wordpress\/wp-content\/uploads\/2025\/12\/IMG_2563.CR2_-scaled.jpg\" class=\"attachment-post-thumbnail size-post-thumbnail wp-post-image\" alt=\"Weihnachtsfeier &#8211; November 2025\" style=\"width:100%;height:100%;object-fit:cover;\" srcset=\"https:\/\/www.rsg-kostheim.de\/wordpress\/wp-content\/uploads\/2025\/12\/IMG_2563.CR2_-scaled.jpg 2560w, https:\/\/www.rsg-kostheim.de\/wordpress\/wp-content\/uploads\/2025\/12\/IMG_2563.CR2_-300x200.jpg 300w, https:\/\/www.rsg-kostheim.de\/wordpress\/wp-content\/uploads\/2025\/12\/IMG_2563.CR2_-1024x683.jpg 1024w, https:\/\/www.rsg-kostheim.de\/wordpress\/wp-content\/uploads\/2025\/12\/IMG_2563.CR2_-768x512.jpg 768w, https:\/\/www.rsg-kostheim.de\/wordpress\/wp-content\/uploads\/2025\/12\/IMG_2563.CR2_-1536x1024.jpg 1536w, https:\/\/www.rsg-kostheim.de\/wordpress\/wp-content\/uploads\/2025\/12\/IMG_2563.CR2_-2048x1365.jpg 2048w, https:\/\/www.rsg-kostheim.de\/wordpress\/wp-content\/uploads\/2025\/12\/IMG_2563.CR2_-1140x760.jpg 1140w\" sizes=\"auto, (max-width: 2560px) 100vw, 2560px\" \/><\/a><\/figure><\/div>\n\n\n\n<div class=\"wp-block-column is-layout-flow wp-block-column-is-layout-flow\" style=\"flex-basis:33.33%\"><h4 class=\"wp-block-post-title\"><a href=\"https:\/\/www.rsg-kostheim.de\/wordpress\/weihnachtsfeier-2025\/\" target=\"_self\" >Weihnachtsfeier &#8211; November 2025<\/a><\/h4>\n\n<div class=\"wp-block-post-excerpt\"><p class=\"wp-block-post-excerpt__excerpt\">Am Sonntag, 30.11.2025 war der erste Advent und auch bei uns auf dem Hof der RSG Mainz-Kostheim wurde an diesem Tag die Vorweihnachtszeit geb\u00fchrend eingeleutet! Wir haben unsere allj\u00e4hrliche Weihnachtsfeier veranstaltet und auch wenn das Wetter leider wenig Weihnachtsstimmung&hellip;<\/p><p class=\"wp-block-post-excerpt__more-text\"><a class=\"wp-block-post-excerpt__more-link\" href=\"https:\/\/www.rsg-kostheim.de\/wordpress\/weihnachtsfeier-2025\/\">Weiterlesen und Bilder ansehen<\/a><\/p><\/div><\/div>\n<\/div>\n\n<\/li><li class=\"wp-block-post post-1794 post type-post status-publish format-standard has-post-thumbnail hentry category-lehrgang tag-abzeichen tag-lehrgang tag-longieren tag-pruefung\">\n\n<div class=\"wp-block-columns alignwide is-layout-flex wp-container-core-columns-is-layout-7387b849 wp-block-columns-is-layout-flex\">\n<div class=\"wp-block-column is-layout-flow wp-block-column-is-layout-flow\" style=\"flex-basis:66.66%\"><figure style=\"aspect-ratio:3\/2;\" class=\"wp-block-post-featured-image\"><a href=\"https:\/\/www.rsg-kostheim.de\/wordpress\/lehrgang-zum-longierabzeichen\/\" target=\"_self\"  ><img loading=\"lazy\" decoding=\"async\" width=\"2048\" height=\"1536\" src=\"https:\/\/www.rsg-kostheim.de\/wordpress\/wp-content\/uploads\/2025\/10\/signal-2025-10-18-184247_003.jpeg\" class=\"attachment-post-thumbnail size-post-thumbnail wp-post-image\" alt=\"Lehrgang zum Longierabzeichen &#8211; Oktober 2025\" style=\"width:100%;height:100%;object-fit:cover;\" srcset=\"https:\/\/www.rsg-kostheim.de\/wordpress\/wp-content\/uploads\/2025\/10\/signal-2025-10-18-184247_003.jpeg 2048w, https:\/\/www.rsg-kostheim.de\/wordpress\/wp-content\/uploads\/2025\/10\/signal-2025-10-18-184247_003-300x225.jpeg 300w, https:\/\/www.rsg-kostheim.de\/wordpress\/wp-content\/uploads\/2025\/10\/signal-2025-10-18-184247_003-1024x768.jpeg 1024w, https:\/\/www.rsg-kostheim.de\/wordpress\/wp-content\/uploads\/2025\/10\/signal-2025-10-18-184247_003-768x576.jpeg 768w, https:\/\/www.rsg-kostheim.de\/wordpress\/wp-content\/uploads\/2025\/10\/signal-2025-10-18-184247_003-1536x1152.jpeg 1536w, https:\/\/www.rsg-kostheim.de\/wordpress\/wp-content\/uploads\/2025\/10\/signal-2025-10-18-184247_003-1140x855.jpeg 1140w\" sizes=\"auto, (max-width: 2048px) 100vw, 2048px\" \/><\/a><\/figure><\/div>\n\n\n\n<div class=\"wp-block-column is-layout-flow wp-block-column-is-layout-flow\" style=\"flex-basis:33.33%\"><h4 class=\"wp-block-post-title\"><a href=\"https:\/\/www.rsg-kostheim.de\/wordpress\/lehrgang-zum-longierabzeichen\/\" target=\"_self\" >Lehrgang zum Longierabzeichen &#8211; Oktober 2025<\/a><\/h4>\n\n<div class=\"wp-block-post-excerpt\"><p class=\"wp-block-post-excerpt__excerpt\">Im Oktober 2025 haben wir bei der RSG Mainz-Kostheim einen Lehrgang mit abschlie\u00dfender Pr\u00fcfung zum Longierabzeichen veranstaltet. Zun\u00e4chst wurde unter professioneller Anleitung am 11. und 12. Oktober das Longieren &#8222;nach Lehrbuch&#8220; an die wissbegierigen Teilnehmer*innen vermittelt. Nach flei\u00dfigem \u00dcben&hellip;<\/p><p class=\"wp-block-post-excerpt__more-text\"><a class=\"wp-block-post-excerpt__more-link\" href=\"https:\/\/www.rsg-kostheim.de\/wordpress\/lehrgang-zum-longierabzeichen\/\">Weiterlesen und Bilder ansehen<\/a><\/p><\/div><\/div>\n<\/div>\n\n<\/li><li class=\"wp-block-post post-1673 post type-post status-publish format-standard has-post-thumbnail hentry category-veranstaltung tag-hoffest tag-hofturnier tag-reitertag\">\n\n<div class=\"wp-block-columns alignwide is-layout-flex wp-container-core-columns-is-layout-7387b849 wp-block-columns-is-layout-flex\">\n<div class=\"wp-block-column is-layout-flow wp-block-column-is-layout-flow\" style=\"flex-basis:66.66%\"><figure style=\"aspect-ratio:3\/2;\" class=\"wp-block-post-featured-image\"><a href=\"https:\/\/www.rsg-kostheim.de\/wordpress\/reitertag-2025-am-20-september\/\" target=\"_self\"  ><img loading=\"lazy\" decoding=\"async\" width=\"1823\" height=\"1825\" src=\"https:\/\/www.rsg-kostheim.de\/wordpress\/wp-content\/uploads\/2025\/10\/550368718_816488847578412_2332777871953516380_n.jpg\" class=\"attachment-post-thumbnail size-post-thumbnail wp-post-image\" alt=\"Reitertag &#8211; September 2025\" style=\"width:100%;height:100%;object-fit:cover;\" srcset=\"https:\/\/www.rsg-kostheim.de\/wordpress\/wp-content\/uploads\/2025\/10\/550368718_816488847578412_2332777871953516380_n.jpg 1823w, https:\/\/www.rsg-kostheim.de\/wordpress\/wp-content\/uploads\/2025\/10\/550368718_816488847578412_2332777871953516380_n-300x300.jpg 300w, https:\/\/www.rsg-kostheim.de\/wordpress\/wp-content\/uploads\/2025\/10\/550368718_816488847578412_2332777871953516380_n-1024x1024.jpg 1024w, https:\/\/www.rsg-kostheim.de\/wordpress\/wp-content\/uploads\/2025\/10\/550368718_816488847578412_2332777871953516380_n-150x150.jpg 150w, https:\/\/www.rsg-kostheim.de\/wordpress\/wp-content\/uploads\/2025\/10\/550368718_816488847578412_2332777871953516380_n-768x769.jpg 768w, https:\/\/www.rsg-kostheim.de\/wordpress\/wp-content\/uploads\/2025\/10\/550368718_816488847578412_2332777871953516380_n-1534x1536.jpg 1534w, https:\/\/www.rsg-kostheim.de\/wordpress\/wp-content\/uploads\/2025\/10\/550368718_816488847578412_2332777871953516380_n-1140x1141.jpg 1140w, https:\/\/www.rsg-kostheim.de\/wordpress\/wp-content\/uploads\/2025\/10\/550368718_816488847578412_2332777871953516380_n-75x75.jpg 75w\" sizes=\"auto, (max-width: 1823px) 100vw, 1823px\" \/><\/a><\/figure><\/div>\n\n\n\n<div class=\"wp-block-column is-layout-flow wp-block-column-is-layout-flow\" style=\"flex-basis:33.33%\"><h4 class=\"wp-block-post-title\"><a href=\"https:\/\/www.rsg-kostheim.de\/wordpress\/reitertag-2025-am-20-september\/\" target=\"_self\" >Reitertag &#8211; September 2025<\/a><\/h4>\n\n<div class=\"wp-block-post-excerpt\"><p class=\"wp-block-post-excerpt__excerpt\">Am Samstag, 20.09.2025 fand unser allj\u00e4hrlicher Reitertag bei der RSG Mainz-Kostheim statt. Ziel des Turniers war es, unseren Reitsch\u00fcler:innen zu erm\u00f6glichen, erste Turniererfahrungen in gewohnter Umgebung zu sammeln und sich mit den Personen aus dem eigenen Verein zu messen.&hellip;<\/p><p class=\"wp-block-post-excerpt__more-text\"><a class=\"wp-block-post-excerpt__more-link\" href=\"https:\/\/www.rsg-kostheim.de\/wordpress\/reitertag-2025-am-20-september\/\">Weiterlesen und Bilder ansehen<\/a><\/p><\/div><\/div>\n<\/div>\n\n<\/li><\/ul><\/div>\n","protected":false},"excerpt":{"rendered":"<p>Vergangene Events erz\u00e4hlen Geschichten \u2013 von besonderen Momenten, strahlenden Gesichtern und gemeinsamen Erlebnissen, die in Erinnerung bleiben. Auf dieser Seite werfen wir einen Blick zur\u00fcck auf Highlights der letzten Zeit: mit kurzen Texten, Bildern und Impressionen, die zeigen, was wir gemeinsam erlebt und gefeiert haben. Ob inspirierende Veranstaltungen, mitrei\u00dfende Events oder einfach sch\u00f6ne Begegnungen \u2013 hier findest du einen R\u00fcckblick auf unsere besonderen Augenblicke. Viel Freude beim St\u00f6bern und Erinnern!<\/p>\n","protected":false},"author":1,"featured_media":0,"parent":0,"menu_order":0,"comment_status":"closed","ping_status":"closed","template":"","meta":{"_crdt_document":"","footnotes":""},"class_list":["post-1643","page","type-page","status-publish","hentry"],"_links":{"self":[{"href":"https:\/\/www.rsg-kostheim.de\/wordpress\/wp-json\/wp\/v2\/pages\/1643","targetHints":{"allow":["GET"]}}],"collection":[{"href":"https:\/\/www.rsg-kostheim.de\/wordpress\/wp-json\/wp\/v2\/pages"}],"about":[{"href":"https:\/\/www.rsg-kostheim.de\/wordpress\/wp-json\/wp\/v2\/types\/page"}],"author":[{"embeddable":true,"href":"https:\/\/www.rsg-kostheim.de\/wordpress\/wp-json\/wp\/v2\/users\/1"}],"replies":[{"embeddable":true,"href":"https:\/\/www.rsg-kostheim.de\/wordpress\/wp-json\/wp\/v2\/comments?post=1643"}],"version-history":[{"count":20,"href":"https:\/\/www.rsg-kostheim.de\/wordpress\/wp-json\/wp\/v2\/pages\/1643\/revisions"}],"predecessor-version":[{"id":2160,"href":"https:\/\/www.rsg-kostheim.de\/wordpress\/wp-json\/wp\/v2\/pages\/1643\/revisions\/2160"}],"wp:attachment":[{"href":"https:\/\/www.rsg-kostheim.de\/wordpress\/wp-json\/wp\/v2\/media?parent=1643"}],"curies":[{"name":"wp","href":"https:\/\/api.w.org\/{rel}","templated":true}]}}