{"id":1154,"date":"2025-08-05T22:06:11","date_gmt":"2025-08-05T20:06:11","guid":{"rendered":"https:\/\/www.rsg-kostheim.de\/wordpress\/?page_id=1154"},"modified":"2025-10-08T14:51:20","modified_gmt":"2025-10-08T12:51:20","slug":"reiterklause","status":"publish","type":"page","link":"https:\/\/www.rsg-kostheim.de\/wordpress\/reiterklause\/","title":{"rendered":"Reiterklause"},"content":{"rendered":"\n<p class=\"wp-block-paragraph\">F\u00fcr das leibliche Wohl der Reiter*innen wird in der Reiterklause gesorgt.<\/p>\n\n\n\n<p class=\"wp-block-paragraph\">Die Klause besteht aus einem gro\u00dfz\u00fcgigen, gem\u00fctlichen Schankraum, der mit Tischen und St\u00fchlen ausgestattet ist. Angeschlossen ist eine umfangreich ausgestattete, funktionale K\u00fcche und im Vorraum der Klause sind Toilettenr\u00e4ume zu finden.<\/p>\n\n\n\n<p class=\"wp-block-paragraph\">Die gro\u00dfen Fensterfl\u00e4chen zur Reithalle hin erm\u00f6glichen es, von der Reiterklause aus dem Reitbetrieb hautnah und dennoch im Warmen und Trockenen zu folgen.<\/p>\n\n\n\n<p class=\"wp-block-paragraph\">Gerne k\u00f6nnen Privatpersonen die Reiterklause f\u00fcr ihre Feier mieten. Bei Interesse wendet euch bitte an den Vorstand!<br><\/p>\n\n\n\n<div class=\"wp-block-columns is-layout-flex wp-container-core-columns-is-layout-7387b849 wp-block-columns-is-layout-flex\">\n<div class=\"wp-block-column is-layout-flow wp-block-column-is-layout-flow\">\n<figure class=\"wp-block-image size-full is-resized\"><img loading=\"lazy\" decoding=\"async\" width=\"436\" height=\"326\" src=\"https:\/\/www.rsg-kostheim.de\/wordpress\/wp-content\/uploads\/2025\/08\/klause_eingang_1.jpg\" alt=\"\" class=\"wp-image-1159\" style=\"aspect-ratio:1.3374308543331284;width:332px;height:auto\" srcset=\"https:\/\/www.rsg-kostheim.de\/wordpress\/wp-content\/uploads\/2025\/08\/klause_eingang_1.jpg 436w, https:\/\/www.rsg-kostheim.de\/wordpress\/wp-content\/uploads\/2025\/08\/klause_eingang_1-300x224.jpg 300w\" sizes=\"auto, (max-width: 436px) 100vw, 436px\" \/><\/figure>\n<\/div>\n\n\n\n<div class=\"wp-block-column is-layout-flow wp-block-column-is-layout-flow\">\n<figure class=\"wp-block-image size-full\"><img loading=\"lazy\" decoding=\"async\" width=\"436\" height=\"291\" src=\"https:\/\/www.rsg-kostheim.de\/wordpress\/wp-content\/uploads\/2025\/08\/klause_innen.jpeg\" alt=\"\" class=\"wp-image-1160\" srcset=\"https:\/\/www.rsg-kostheim.de\/wordpress\/wp-content\/uploads\/2025\/08\/klause_innen.jpeg 436w, https:\/\/www.rsg-kostheim.de\/wordpress\/wp-content\/uploads\/2025\/08\/klause_innen-300x200.jpeg 300w\" sizes=\"auto, (max-width: 436px) 100vw, 436px\" \/><\/figure>\n<\/div>\n<\/div>\n\n\n\n<p class=\"wp-block-paragraph\"><\/p>\n","protected":false},"excerpt":{"rendered":"<p>F\u00fcr das leibliche Wohl der Reiter*innen wird in der Reiterklause gesorgt. Die Klause besteht aus einem gro\u00dfz\u00fcgigen, gem\u00fctlichen Schankraum, der mit Tischen und St\u00fchlen ausgestattet ist. Angeschlossen ist eine umfangreich ausgestattete, funktionale K\u00fcche und im Vorraum der Klause sind Toilettenr\u00e4ume zu finden. Die gro\u00dfen Fensterfl\u00e4chen zur Reithalle hin erm\u00f6glichen es, von der Reiterklause aus dem Reitbetrieb hautnah und dennoch im Warmen und Trockenen zu folgen. Gerne k\u00f6nnen Privatpersonen die Reiterklause f\u00fcr ihre Feier mieten. Bei Interesse wendet euch bitte an den Vorstand!<\/p>\n","protected":false},"author":1,"featured_media":0,"parent":0,"menu_order":0,"comment_status":"closed","ping_status":"closed","template":"","meta":{"_crdt_document":"","footnotes":""},"class_list":["post-1154","page","type-page","status-publish","hentry"],"_links":{"self":[{"href":"https:\/\/www.rsg-kostheim.de\/wordpress\/wp-json\/wp\/v2\/pages\/1154","targetHints":{"allow":["GET"]}}],"collection":[{"href":"https:\/\/www.rsg-kostheim.de\/wordpress\/wp-json\/wp\/v2\/pages"}],"about":[{"href":"https:\/\/www.rsg-kostheim.de\/wordpress\/wp-json\/wp\/v2\/types\/page"}],"author":[{"embeddable":true,"href":"https:\/\/www.rsg-kostheim.de\/wordpress\/wp-json\/wp\/v2\/users\/1"}],"replies":[{"embeddable":true,"href":"https:\/\/www.rsg-kostheim.de\/wordpress\/wp-json\/wp\/v2\/comments?post=1154"}],"version-history":[{"count":8,"href":"https:\/\/www.rsg-kostheim.de\/wordpress\/wp-json\/wp\/v2\/pages\/1154\/revisions"}],"predecessor-version":[{"id":1736,"href":"https:\/\/www.rsg-kostheim.de\/wordpress\/wp-json\/wp\/v2\/pages\/1154\/revisions\/1736"}],"wp:attachment":[{"href":"https:\/\/www.rsg-kostheim.de\/wordpress\/wp-json\/wp\/v2\/media?parent=1154"}],"curies":[{"name":"wp","href":"https:\/\/api.w.org\/{rel}","templated":true}]}}