{"id":1150,"date":"2025-08-05T22:02:41","date_gmt":"2025-08-05T20:02:41","guid":{"rendered":"https:\/\/www.rsg-kostheim.de\/wordpress\/?page_id=1150"},"modified":"2026-04-25T23:34:31","modified_gmt":"2026-04-25T21:34:31","slug":"vereinskleidung","status":"publish","type":"page","link":"https:\/\/www.rsg-kostheim.de\/wordpress\/vereinskleidung\/","title":{"rendered":"Vereinskleidung"},"content":{"rendered":"\n<p class=\"wp-block-paragraph\">Unsere Vereinskleidung ziert nat\u00fcrlich unser sch\u00f6nes RSG-Logo:<\/p>\n\n\n<div class=\"wp-block-image\">\n<figure class=\"aligncenter size-full is-resized\"><img loading=\"lazy\" decoding=\"async\" width=\"524\" height=\"691\" src=\"https:\/\/www.rsg-kostheim.de\/wordpress\/wp-content\/uploads\/2025\/08\/cropped-Logo_RSG_bordeaux.jpg\" alt=\"\" class=\"wp-image-1274\" style=\"width:190px;height:auto\" srcset=\"https:\/\/www.rsg-kostheim.de\/wordpress\/wp-content\/uploads\/2025\/08\/cropped-Logo_RSG_bordeaux.jpg 524w, https:\/\/www.rsg-kostheim.de\/wordpress\/wp-content\/uploads\/2025\/08\/cropped-Logo_RSG_bordeaux-227x300.jpg 227w\" sizes=\"auto, (max-width: 524px) 100vw, 524px\" \/><\/figure>\n<\/div>\n\n\n<div style=\"height:50px\" aria-hidden=\"true\" class=\"wp-block-spacer\"><\/div>\n\n\n\n<p class=\"wp-block-paragraph\">Regelm\u00e4\u00dfig bestellen wir f\u00fcr neue Mitglieder oder jene, deren Kleiderschrank noch nicht voll genug mit RSG-Teilen ist, hochwertig bestickte Vereinskleidung nach.<\/p>\n\n\n\n<p class=\"wp-block-paragraph\">Wir ben\u00f6tigen insgesamt eine Mindestbestellmenge von 10 Teilen, damit wir die Artikel nachbestellen k\u00f6nnen. Deshalb kann es mitunter ein paar Tage dauern, bis es zur n\u00e4chsten Bestellung kommt.<\/p>\n\n\n\n<p class=\"wp-block-paragraph\">Sprecht bitte jederzeit gerne die Mitglieder des Vorstands an, wenn ihr Interesse habt, bei der n\u00e4chsten Bestellung dabei zu sein, damit wir die W\u00fcnsche aufnehmen k\u00f6nnen.<\/p>\n\n\n\n<p class=\"wp-block-paragraph\">Bitte bei der Bestellung den <strong>Artikel<\/strong> (T-Shirt, Polo-Shirt, Softshell-Jacke, Sweat-Shirt, Sweat-Jacke und &#8211; <em>ganz neu<\/em> &#8211; Steppweste), <strong>Schnitt<\/strong> (Damen\/Herren\/Kinder), <strong>Gr\u00f6\u00dfe<\/strong> und <strong>Farbe<\/strong> (Bordeaux\/Dunkelblau) angeben.<\/p>\n\n\n\n<blockquote class=\"wp-block-quote is-layout-flow wp-block-quote-is-layout-flow\">\n<p class=\"wp-block-paragraph\">z.B.:<br>&#8211; T-Shirt, Damen, S, Bordeaux<br>&#8211; Polo-Shirt, Kinder, 152, Dunkelblau<\/p>\n<\/blockquote>\n","protected":false},"excerpt":{"rendered":"<p>Unsere Vereinskleidung ziert nat\u00fcrlich unser sch\u00f6nes RSG-Logo: Regelm\u00e4\u00dfig bestellen wir f\u00fcr neue Mitglieder oder jene, deren Kleiderschrank noch nicht voll genug mit RSG-Teilen ist, hochwertig bestickte Vereinskleidung nach. Wir ben\u00f6tigen insgesamt eine Mindestbestellmenge von 10 Teilen, damit wir die Artikel nachbestellen k\u00f6nnen. Deshalb kann es mitunter ein paar Tage dauern, bis es zur n\u00e4chsten Bestellung kommt. Sprecht bitte jederzeit gerne die Mitglieder des Vorstands an, wenn ihr Interesse habt, bei der n\u00e4chsten Bestellung dabei zu sein, damit wir die W\u00fcnsche aufnehmen k\u00f6nnen. Bitte bei der Bestellung den Artikel (T-Shirt, Polo-Shirt, Softshell-Jacke, Sweat-Shirt, Sweat-Jacke und &#8211; ganz neu &#8211; Steppweste), Schnitt (Damen\/Herren\/Kinder), Gr\u00f6\u00dfe und Farbe (Bordeaux\/Dunkelblau) angeben. z.B.:&#8211; T-Shirt, Damen, S, Bordeaux&#8211; Polo-Shirt, Kinder, 152, Dunkelblau<\/p>\n","protected":false},"author":1,"featured_media":0,"parent":0,"menu_order":0,"comment_status":"closed","ping_status":"closed","template":"","meta":{"_crdt_document":"{\"document\":\"AAAG8o7wsR5xYwggrBgGviEEAgECCgJCAEoAkAIBAgoBB0oAIgECCgBKABIBAgoChgQQ2AQASgCWBQECCgJCAEoAlAYBAgoCQgBKAKgFAQIKAkIASgCOCQECCgEAShICAQIKAkIASvIaoATwKQSGQ\/ApjQEoAycABAAnAAQAgQCEACcAKAQnACgAJwAHACgDJwEEACgBJwCHACgDJwAoAScAKAYnAIcAKAMnACgBJwCHACgDJwEEAIQBKAEnAIcAKAMnAQQAKAEnAIcAKAMnAQQAKAEnAIcAKAMnAQQAKAEnAIcAKAMnACgAJwAoACcABwAoAycBBAAoAScAKAGoAMSoH5sec3RhdGV2ZXJzaW9uZG9jdW1lbnRkYXRlZG9jdW1lbnRzbHVnZG9jdW1lbnRzdGF0dXNkb2N1bWVudHRpdGxlVmVyZWluc2tsZWlkdW5nZG9jdW1lbnRjb250ZW50PCEtLSB3cDpwYXJhZ3JhcGggLS0+CjxwPlVuc2VyZSBWZXJlaW5za2xlaWR1bmcgemllcnQgbmF0w7xybGljaCB1bnNlciBzY2jDtm5lcyBSU0ctTG9nbzo8L3A+CjwhLS0gL3dwOnBhcmFncmFwaCAtLT4KCjwhLS0gd3A6aW1hZ2UgeyJpZCI6MTI3NCwid2lkdGgiOiIxOTBweCIsImhlaWdodCI6ImF1dG8iLCJzaXplU2x1ZyI6ImZ1bGwiLCJsaW5rRGVzdGluYXRpb24iOiJub25lIiwiYWxpZ24iOiJjZW50ZXIifSAtLT4KPGZpZ3VyZSBjbGFzcz0id3AtYmxvY2staW1hZ2UgYWxpZ25jZW50ZXIgc2l6ZS1mdWxsIGlzLXJlc2l6ZWQiPjxpbWcgc3JjPSJodHRwczovL3d3dy5yc2cta29zdGhlaW0uZGUvd29yZHByZXNzL3dwLWNvbnRlbnQvdXBsb2Fkcy8yMDI1LzA4L2Nyb3BwZWQtTG9nb19SU0dfYm9yZGVhdXguanBnIiBhbHQ9IiIgY2xhc3M9IndwLWltYWdlLTEyNzQiIHN0eWxlPSJ3aWR0aDoxOTBweDtoZWlnaHQ6YXV0byIvPjwvZmlndXJlPgo8IS0tIC93cDppbWFnZSAtLT4KCjwhLS0gd3A6c3BhY2VyIHsiaGVpZ2h0IjoiNTBweCJ9IC0tPgo8ZGl2IHN0eWxlPSJoZWlnaHQ6NTBweCIgYXJpYS1oaWRkZW49InRydWUiIGNsYXNzPSJ3cC1ibG9jay1zcGFjZXIiPjwvZGl2Pgo8IS0tIC93cDpzcGFjZXIgLS0+Cgo8IS0tIHdwOnBhcmFncmFwaCAtLT4KPHA+UmVnZWxtw6TDn2lnIGJlc3RlbGxlbiB3aXIgZsO8ciBuZXVlIE1pdGdsaWVkZXIgb2RlciBqZW5lLCBkZXJlbiBLbGVpZGVyc2NocmFuayBub2NoIG5pY2h0IHZvbGwgZ2VudWcgbWl0IFJTRy1UZWlsZW4gaXN0LCBob2Nod2VydGlnIGJlY2t0ZSBWZXJlaW5za2xlaWR1bmcgbmFjaC48L3A+CjwhLS0gL3dwOnBhcmFncmFwaCAtLT4KCjwhLS0gd3A6cGFyYWdyYXBoIC0tPgo8cD5XaXIgYmVuw7Z0aWdlbiBpbnNnZXNhbXQgZWluZSBNaW5kZXN0YmVzdGVsbG1lbmdlIHZvbiAxMCBUZWlsZW4sIGRhbWl0IHdpciBkaWUgQXJ0aWtlbCBuYWNoYmVzdGVsbGVuIGvDtm5uZW4uIERlc2hhbGIga2FubiBlcyBtaXR1bnRlciBlaW4gcGFhciBUYWdlIGRhdWVybiwgYmlzIGVzIHp1ciBuw6RjaHN0ZW4gQmVzdGVsbHVuZyBrb21tdC48L3A+CjwhLS0gL3dwOnBhcmFncmFwaCAtLT4KCjwhLS0gd3A6cGFyYWdyYXBoIC0tPgo8cD5TcHJlY2h0IGJpdHRlIGplZGVyemVpdCBnZXJuZSBkaWUgTWl0Z2xpZWRlciBkZXMgVm9yc3RhbmRzIGFuLCB3ZW5uIGlociBJbnRlcmVzc2UgaGFidCwgYmVpIGRlciBuw6RjaHN0ZW4gQmVzdGVsbHVuZyBkYWJlaSB6dSBzZWluLCBkYW1pdCB3aXIgZGllIFfDvG5zY2hlIGF1Zm5laG1lbiBrw7ZubmVuLjwvcD4KPCEtLSAvd3A6cGFyYWdyYXBoIC0tPgoKPCEtLSB3cDpwYXJhZ3JhcGggLS0+CjxwPkJpdHRlIGJlaSBkZXIgQmVzdGVsbHVuZyBkZW4gPHN0cm9uZz5BcnRpa2VsPC9zdHJvbmc+IChULVNoaXJ0LCBQb2xvLVNoaXJ0LCBTb2Z0c2hlbGwtSmFja2UsIFN3ZWF0LVNoaXJ0LCBTd2VhdC1KYWNrZSB1bmQgLSA8ZW0+Z2FueiBuZXU8L2VtPiAtIFN0ZXBwd2VzdGUpLCA8c3Ryb25nPlNjaG5pdHQ8L3N0cm9uZz4gKERhbWVuL0hlcnJlbi9LaW5kZXIpLCA8c3Ryb25nPkdyw7bDn2U8L3N0cm9uZz4gdW5kIDxzdHJvbmc+RmFyYmU8L3N0cm9uZz4gKEJvcmRlYXV4L0R1bmtlbGJsYXUpIGFuZ2ViZW4uPC9wPgo8IS0tIC93cDpwYXJhZ3JhcGggLS0+Cgo8IS0tIHdwOnF1b3RlIC0tPgo8YmxvY2txdW90ZSBjbGFzcz0id3AtYmxvY2stcXVvdGUiPjwhLS0gd3A6cGFyYWdyYXBoIC0tPgo8cD56LkIuOjxicj4tIFQtU2hpcnQsIERhbWVuLCBTLCBCb3JkZWF1eDxicj4tIFBvbG8tU2hpcnQsIEtpbmRlciwgMTUyLCBEdW5rZWxibGF1PC9wPgo8IS0tIC93cDpwYXJhZ3JhcGggLS0+PC9ibG9ja3F1b3RlPgo8IS0tIC93cDpxdW90ZSAtLT5kb2N1bWVudGV4Y2VycHRkb2N1bWVudGF1dGhvcmRvY3VtZW50ZmVhdHVyZWRfbWVkaWFkb2N1bWVudGNvbW1lbnRfc3RhdHVzZG9jdW1lbnRwaW5nX3N0YXR1c2RvY3VtZW50dGVtcGxhdGVkb2N1bWVudG1ldGFmb290bm90ZXNkb2N1bWVudGJsb2Nrc2NsaWVudElkaXNWYWxpZG9yaWdpbmFsQ29udGVudG5hbWVhdHRyaWJ1dGVzY29udGVudFVuc2VyZSBWZXJlaW5za2xlaWR1bmcgemllcnQgbmF0w7xybGljaCB1bnNlciBzY2jDtm5lcyBSU0ctTG9nbzpkcm9wQ2Fwb3BlblBvcHVwSWRpbm5lckJsb2Nrc2NsaWVudElkaXNWYWxpZG9yaWdpbmFsQ29udGVudG5hbWVhdHRyaWJ1dGVzdXJsYWx0Y2FwdGlvbmlkd2lkdGhoZWlnaHRzaXplU2x1Z2xpbmtEZXN0aW5hdGlvbmFsaWdub3BlblBvcHVwSWRpbm5lckJsb2Nrc2NsaWVudElkaXNWYWxpZG9yaWdpbmFsQ29udGVudG5hbWVhdHRyaWJ1dGVzaGVpZ2h0b3BlblBvcHVwSWRpbm5lckJsb2Nrc2NsaWVudElkaXNWYWxpZG9yaWdpbmFsQ29udGVudG5hbWVhdHRyaWJ1dGVzY29udGVudFJlZ2VsbcOkw59pZyBiZXN0ZWxsZW4gd2lyIGbDvHIgbmV1ZSBNaXRnbGllZGVyIG9kZXIgamVuZSwgZGVyZW4gS2xlaWRlcnNjaHJhbmsgbm9jaCBuaWNodCB2b2xsIGdlbnVnIG1pdCBSU0ctVGVpbGVuIGlzdCwgaG9jaHdlcnRpZyBiZWRydWNrdGUgVmVyZWluc2tsZWlkdW5nIG5hY2guZHJvcENhcG9wZW5Qb3B1cElkaW5uZXJCbG9ja3NjbGllbnRJZGlzVmFsaWRvcmlnaW5hbENvbnRlbnRuYW1lYXR0cmlidXRlc2NvbnRlbnRXaXIgYmVuw7Z0aWdlbiBpbnNnZXNhbXQgZWluZSBNaW5kZXN0YmVzdGVsbG1lbmdlIHZvbiAxMCBUZWlsZW4sIGRhbWl0IHdpciBkaWUgQXJ0aWtlbCBuYWNoYmVzdGVsbGVuIGvDtm5uZW4uIERlc2hhbGIga2FubiBlcyBtaXR1bnRlciBlaW4gcGFhciBUYWdlIGRhdWVybiwgYmlzIGVzIHp1ciBuw6RjaHN0ZW4gQmVzdGVsbHVuZyBrb21tdC5kcm9wQ2Fwb3BlblBvcHVwSWRpbm5lckJsb2Nrc2NsaWVudElkaXNWYWxpZG9yaWdpbmFsQ29udGVudG5hbWVhdHRyaWJ1dGVzY29udGVudFNwcmVjaHQgYml0dGUgamVkZXJ6ZWl0IGdlcm5lIGRpZSBNaXRnbGllZGVyIGRlcyBWb3JzdGFuZHMgYW4sIHdlbm4gaWhyIEludGVyZXNzZSBoYWJ0LCBiZWkgZGVyIG7DpGNoc3RlbiBCZXN0ZWxsdW5nIGRhYmVpIHp1IHNlaW4sIGRhbWl0IHdpciBkaWUgV8O8bnNjaGUgYXVmbmVobWVuIGvDtm5uZW4uZHJvcENhcG9wZW5Qb3B1cElkaW5uZXJCbG9ja3NjbGllbnRJZGlzVmFsaWRvcmlnaW5hbENvbnRlbnRuYW1lYXR0cmlidXRlc2NvbnRlbnRCaXR0ZSBiZWkgZGVyIEJlc3RlbGx1bmcgZGVuIDxzdHJvbmc+QXJ0aWtlbDwvc3Ryb25nPiAoVC1TaGlydCwgUG9sby1TaGlydCwgU29mdHNoZWxsLUphY2tlLCBTd2VhdC1TaGlydCwgU3dlYXQtSmFja2UgdW5kIC0gPGVtPmdhbnogbmV1PC9lbT4gLSBTdGVwcHdlc3RlKSwgPHN0cm9uZz5TY2huaXR0PC9zdHJvbmc+IChEYW1lbi9IZXJyZW4vS2luZGVyKSwgPHN0cm9uZz5HcsO2w59lPC9zdHJvbmc+IHVuZCA8c3Ryb25nPkZhcmJlPC9zdHJvbmc+IChCb3JkZWF1eC9EdW5rZWxibGF1KSBhbmdlYmVuLmRyb3BDYXBvcGVuUG9wdXBJZGlubmVyQmxvY2tzY2xpZW50SWRpc1ZhbGlkb3JpZ2luYWxDb250ZW50bmFtZWF0dHJpYnV0ZXN2YWx1ZWNpdGF0aW9ub3BlblBvcHVwSWRpbm5lckJsb2Nrc2NsaWVudElkaXNWYWxpZG9yaWdpbmFsQ29udGVudG5hbWVhdHRyaWJ1dGVzY29udGVudHouQi46PGJyPi0gVC1TaGlydCwgRGFtZW4sIFMsIEJvcmRlYXV4PGJyPi0gUG9sby1TaGlydCwgS2luZGVyLCAxNTIsIER1bmtlbGJsYXVkcm9wQ2Fwb3BlblBvcHVwSWRpbm5lckJsb2Nrc3N0YXRlc2F2ZWRBdHN0YXRlc2F2ZWRCeWVzdGlja3Rlc3RpBQcIBAgECAYIBQ8IB5YMuBAIBwgGCA4IDggLSAEECQgGCAcPBAoHPgdLAAgHDwQKQwAHAgUGCA8FSwAIBw8ECgZLAAgHDwQKB4MCCBYHSwAIBw8ECgeAAwdLAAgHDwQKB6oCB0sACAcPBAoHnQQHSwAIBw8ECgUISwAIBw8ECgePAQdLAAUHBQcIAxEBBAAAAQAAAAEGAAABAABeASdCAQEAQQACAEEAAgBBAABBAAIAQQACAEEAAgBBAAIAQQACAEEAAgAFQQIDQUQBgAEAfQF3EzIwMjUtMDgtMDVUMjI6MDI6NDF3D3ZlcmVpbnNrbGVpZHVuZ3cHcHVibGlzaH0BfQB3BmNsb3NlZHcGY2xvc2VkdwB3AHckZTcxODJmZmMtY2RkZC00YjcxLTk4MTItMzczOThiYjFiNzA4eHdHPHA+VW5zZXJlIFZlcmVpbnNrbGVpZHVuZyB6aWVydCBuYXTDvHJsaWNoIHVuc2VyIHNjaMO2bmVzIFJTRy1Mb2dvOjwvcD53DmNvcmUvcGFyYWdyYXBoeXcAdyRmODdjNjEyNS1jMjRlLTQ0MzItOGQ3MS1iYTc4ZGZkZDExNDV4d\/EBPGZpZ3VyZSBjbGFzcz0id3AtYmxvY2staW1hZ2UgYWxpZ25jZW50ZXIgc2l6ZS1mdWxsIGlzLXJlc2l6ZWQiPjxpbWcgc3JjPSJodHRwczovL3d3dy5yc2cta29zdGhlaW0uZGUvd29yZHByZXNzL3dwLWNvbnRlbnQvdXBsb2Fkcy8yMDI1LzA4L2Nyb3BwZWQtTG9nb19SU0dfYm9yZGVhdXguanBnIiBhbHQ9IiIgY2xhc3M9IndwLWltYWdlLTEyNzQiIHN0eWxlPSJ3aWR0aDoxOTBweDtoZWlnaHQ6YXV0byIvPjwvZmlndXJlPncKY29yZS9pbWFnZXdeaHR0cHM6Ly93d3cucnNnLWtvc3RoZWltLmRlL3dvcmRwcmVzcy93cC1jb250ZW50L3VwbG9hZHMvMjAyNS8wOC9jcm9wcGVkLUxvZ29fUlNHX2JvcmRlYXV4LmpwZ3cAfboTdwUxOTBweHcEYXV0b3cEZnVsbHcEbm9uZXcGY2VudGVydwB3JDBjZDMwOTBjLTY4MzktNGI4OC04M2ZiLTU1ZGNkYzJkNjI1ZXh3SjxkaXYgc3R5bGU9ImhlaWdodDo1MHB4IiBhcmlhLWhpZGRlbj0idHJ1ZSIgY2xhc3M9IndwLWJsb2NrLXNwYWNlciI+PC9kaXY+dwtjb3JlL3NwYWNlcncENTBweHcAdyQzZjljNTEyZS1jM2EyLTQ2ODctYmJlMi0yOWMzMTUxYTYyMDR4d6sBPHA+UmVnZWxtw6TDn2lnIGJlc3RlbGxlbiB3aXIgZsO8ciBuZXVlIE1pdGdsaWVkZXIgb2RlciBqZW5lLCBkZXJlbiBLbGVpZGVyc2NocmFuayBub2NoIG5pY2h0IHZvbGwgZ2VudWcgbWl0IFJTRy1UZWlsZW4gaXN0LCBob2Nod2VydGlnIGJlZHJ1Y2t0ZSBWZXJlaW5za2xlaWR1bmcgbmFjaC48L3A+dw5jb3JlL3BhcmFncmFwaHl3AHckYWFhMGNiMDctMTQ4Ni00YzViLWIxMDUtZjE0ZGM4MjM0ZTI5eHfKATxwPldpciBiZW7DtnRpZ2VuIGluc2dlc2FtdCBlaW5lIE1pbmRlc3RiZXN0ZWxsbWVuZ2Ugdm9uIDEwIFRlaWxlbiwgZGFtaXQgd2lyIGRpZSBBcnRpa2VsIG5hY2hiZXN0ZWxsZW4ga8O2bm5lbi4gRGVzaGFsYiBrYW5uIGVzIG1pdHVudGVyIGVpbiBwYWFyIFRhZ2UgZGF1ZXJuLCBiaXMgZXMgenVyIG7DpGNoc3RlbiBCZXN0ZWxsdW5nIGtvbW10LjwvcD53DmNvcmUvcGFyYWdyYXBoeXcAdyRkNWNiMjY4ZS1lYWYwLTQxZmItYTY0ZS1kNmJmYTdkMWE0OWR4d7QBPHA+U3ByZWNodCBiaXR0ZSBqZWRlcnplaXQgZ2VybmUgZGllIE1pdGdsaWVkZXIgZGVzIFZvcnN0YW5kcyBhbiwgd2VubiBpaHIgSW50ZXJlc3NlIGhhYnQsIGJlaSBkZXIgbsOkY2hzdGVuIEJlc3RlbGx1bmcgZGFiZWkgenUgc2VpbiwgZGFtaXQgd2lyIGRpZSBXw7xuc2NoZSBhdWZuZWhtZW4ga8O2bm5lbi48L3A+dw5jb3JlL3BhcmFncmFwaHl3AHckMzkzNTk5NGUtMTA4MC00MmFhLWE2OGUtZDNiMzllNWVhZmRleHemAjxwPkJpdHRlIGJlaSBkZXIgQmVzdGVsbHVuZyBkZW4gPHN0cm9uZz5BcnRpa2VsPC9zdHJvbmc+IChULVNoaXJ0LCBQb2xvLVNoaXJ0LCBTb2Z0c2hlbGwtSmFja2UsIFN3ZWF0LVNoaXJ0LCBTd2VhdC1KYWNrZSB1bmQgLSA8ZW0+Z2FueiBuZXU8L2VtPiAtIFN0ZXBwd2VzdGUpLCA8c3Ryb25nPlNjaG5pdHQ8L3N0cm9uZz4gKERhbWVuL0hlcnJlbi9LaW5kZXIpLCA8c3Ryb25nPkdyw7bDn2U8L3N0cm9uZz4gdW5kIDxzdHJvbmc+RmFyYmU8L3N0cm9uZz4gKEJvcmRlYXV4L0R1bmtlbGJsYXUpIGFuZ2ViZW4uPC9wPncOY29yZS9wYXJhZ3JhcGh5dwB3JDdhODhlZDAwLTcyNGItNGNhNS04NmYzLTEyNWEwMTI3OTZmOHh3MDxibG9ja3F1b3RlIGNsYXNzPSJ3cC1ibG9jay1xdW90ZSI+PC9ibG9ja3F1b3RlPncKY29yZS9xdW90ZXcAdwB3JDljMmYxOThlLWRhYTctNDIxNi1iYWY1LWRhZGYzZWE1ZmU3MHh3VjxwPnouQi46PGJyPi0gVC1TaGlydCwgRGFtZW4sIFMsIEJvcmRlYXV4PGJyPi0gUG9sby1TaGlydCwgS2luZGVyLCAxNTIsIER1bmtlbGJsYXU8L3A+dw5jb3JlL3BhcmFncmFwaHl3AHtCedxpCaEgAHtB7mPAdkAAAHckNmY2YmM4OTktY2NkNC00MmM1LWE0ZWMtZjQ5NmRlZTgyZTg5AbKH+JgPA6sGAqQJAIgBBw==\",\"updateId\":982644251}","footnotes":""},"class_list":["post-1150","page","type-page","status-publish","hentry"],"_links":{"self":[{"href":"https:\/\/www.rsg-kostheim.de\/wordpress\/wp-json\/wp\/v2\/pages\/1150","targetHints":{"allow":["GET"]}}],"collection":[{"href":"https:\/\/www.rsg-kostheim.de\/wordpress\/wp-json\/wp\/v2\/pages"}],"about":[{"href":"https:\/\/www.rsg-kostheim.de\/wordpress\/wp-json\/wp\/v2\/types\/page"}],"author":[{"embeddable":true,"href":"https:\/\/www.rsg-kostheim.de\/wordpress\/wp-json\/wp\/v2\/users\/1"}],"replies":[{"embeddable":true,"href":"https:\/\/www.rsg-kostheim.de\/wordpress\/wp-json\/wp\/v2\/comments?post=1150"}],"version-history":[{"count":6,"href":"https:\/\/www.rsg-kostheim.de\/wordpress\/wp-json\/wp\/v2\/pages\/1150\/revisions"}],"predecessor-version":[{"id":2302,"href":"https:\/\/www.rsg-kostheim.de\/wordpress\/wp-json\/wp\/v2\/pages\/1150\/revisions\/2302"}],"wp:attachment":[{"href":"https:\/\/www.rsg-kostheim.de\/wordpress\/wp-json\/wp\/v2\/media?parent=1150"}],"curies":[{"name":"wp","href":"https:\/\/api.w.org\/{rel}","templated":true}]}}