{"id":1116,"date":"2025-08-05T21:36:22","date_gmt":"2025-08-05T19:36:22","guid":{"rendered":"https:\/\/www.rsg-kostheim.de\/wordpress\/?page_id=1116"},"modified":"2025-10-08T14:45:14","modified_gmt":"2025-10-08T12:45:14","slug":"miet-angebote","status":"publish","type":"page","link":"https:\/\/www.rsg-kostheim.de\/wordpress\/miet-angebote\/","title":{"rendered":"Miet-Angebote"},"content":{"rendered":"\n<p class=\"wp-block-paragraph\">Unsere Reitanlage ist das Herz unseres Vereins \u2013 hier wird t\u00e4glich trainiert, ge\u00fcbt, gelacht und Gemeinschaft gelebt. Nat\u00fcrlich nutzen wir die Anlage regelm\u00e4\u00dfig selbst f\u00fcr den Vereinsbetrieb, das Training unserer Reiter*innen sowie f\u00fcr Veranstaltungen. Gleichzeitig m\u00f6chten wir aber auch anderen Pferdefreunden die M\u00f6glichkeit geben, unsere Anlage zu nutzen.<\/p>\n\n\n\n<p class=\"wp-block-paragraph\">Ob <strong>Mitglied oder Nicht-Mitglied<\/strong> \u2013 bei uns ist jeder willkommen, der respektvoll mit Pferd, Mensch und Anlage umgeht. Die Reitanlage kann f\u00fcr verschiedene Zwecke gemietet werden, zum Beispiel:<\/p>\n\n\n\n<ul class=\"wp-block-list\">\n<li><strong>Einzeltraining oder Reitstunden<\/strong> bei privaten Trainer*innen oder Reitlehrer*innen<\/li>\n\n\n\n<li><strong>Kurse, Lehrg\u00e4nge oder Workshops<\/strong> rund ums Reiten, Bodenarbeit oder Horsemanship<\/li>\n\n\n\n<li><strong>Turniervorbereitung<\/strong> in einer ruhigen, gut gepflegten Umgebung<\/li>\n\n\n\n<li><strong>Fotoshootings<\/strong> mit Pferden in idyllischer Atmosph\u00e4re<\/li>\n\n\n\n<li><strong>Kleine Veranstaltungen oder Feiern<\/strong> wie Geburtstage und Jubil\u00e4en<\/li>\n<\/ul>\n\n\n\n<p class=\"wp-block-paragraph\">Wir bieten flexible Nutzungsm\u00f6glichkeiten \u2013 ob stunden- oder tageweise, Nutzung von Reithalle, Reitpl\u00e4tzen oder der Reiterklause.<\/p>\n\n\n\n<p class=\"wp-block-paragraph\">Wenn du Interesse hast, unsere Anlage zu mieten oder Fragen zu den Konditionen hast, freuen wir uns \u00fcber deine Anfrage an den Vereinsvorstand.<\/p>\n\n\n\n<div style=\"height:54px\" aria-hidden=\"true\" class=\"wp-block-spacer\"><\/div>\n","protected":false},"excerpt":{"rendered":"<p>Unsere Reitanlage ist das Herz unseres Vereins \u2013 hier wird t\u00e4glich trainiert, ge\u00fcbt, gelacht und Gemeinschaft gelebt. Nat\u00fcrlich nutzen wir die Anlage regelm\u00e4\u00dfig selbst f\u00fcr den Vereinsbetrieb, das Training unserer Reiter*innen sowie f\u00fcr Veranstaltungen. Gleichzeitig m\u00f6chten wir aber auch anderen Pferdefreunden die M\u00f6glichkeit geben, unsere Anlage zu nutzen. Ob Mitglied oder Nicht-Mitglied \u2013 bei uns ist jeder willkommen, der respektvoll mit Pferd, Mensch und Anlage umgeht. Die Reitanlage kann f\u00fcr verschiedene Zwecke gemietet werden, zum Beispiel: Wir bieten flexible Nutzungsm\u00f6glichkeiten \u2013 ob stunden- oder tageweise, Nutzung von Reithalle, Reitpl\u00e4tzen oder der Reiterklause. Wenn du Interesse hast, unsere Anlage zu mieten oder Fragen zu den Konditionen hast, freuen wir uns \u00fcber deine Anfrage an den Vereinsvorstand.<\/p>\n","protected":false},"author":1,"featured_media":0,"parent":0,"menu_order":0,"comment_status":"closed","ping_status":"closed","template":"","meta":{"_crdt_document":"","footnotes":""},"class_list":["post-1116","page","type-page","status-publish","hentry"],"_links":{"self":[{"href":"https:\/\/www.rsg-kostheim.de\/wordpress\/wp-json\/wp\/v2\/pages\/1116","targetHints":{"allow":["GET"]}}],"collection":[{"href":"https:\/\/www.rsg-kostheim.de\/wordpress\/wp-json\/wp\/v2\/pages"}],"about":[{"href":"https:\/\/www.rsg-kostheim.de\/wordpress\/wp-json\/wp\/v2\/types\/page"}],"author":[{"embeddable":true,"href":"https:\/\/www.rsg-kostheim.de\/wordpress\/wp-json\/wp\/v2\/users\/1"}],"replies":[{"embeddable":true,"href":"https:\/\/www.rsg-kostheim.de\/wordpress\/wp-json\/wp\/v2\/comments?post=1116"}],"version-history":[{"count":4,"href":"https:\/\/www.rsg-kostheim.de\/wordpress\/wp-json\/wp\/v2\/pages\/1116\/revisions"}],"predecessor-version":[{"id":1733,"href":"https:\/\/www.rsg-kostheim.de\/wordpress\/wp-json\/wp\/v2\/pages\/1116\/revisions\/1733"}],"wp:attachment":[{"href":"https:\/\/www.rsg-kostheim.de\/wordpress\/wp-json\/wp\/v2\/media?parent=1116"}],"curies":[{"name":"wp","href":"https:\/\/api.w.org\/{rel}","templated":true}]}}