{"id":1115,"date":"2025-08-05T21:36:22","date_gmt":"2025-08-05T19:36:22","guid":{"rendered":"https:\/\/www.rsg-kostheim.de\/wordpress\/?page_id=1115"},"modified":"2025-09-10T10:37:07","modified_gmt":"2025-09-10T08:37:07","slug":"mitglied-werden","status":"publish","type":"page","link":"https:\/\/www.rsg-kostheim.de\/wordpress\/mitglied-werden\/","title":{"rendered":"Mitglied werden"},"content":{"rendered":"\n<p class=\"wp-block-paragraph\"><strong>Werde Teil unserer Gemeinschaft \u2013 jetzt Mitglied werden!<\/strong><br>Ob jung oder alt, Einsteiger*in oder erfahrene*r Reiter*in \u2013 bei uns im Reitverein sind alle willkommen, die Freude am Miteinander und an Pferden haben! Mit einer Mitgliedschaft wirst du Teil einer lebendigen Gemeinschaft, in der Zusammenhalt, Lernen und gemeinsame Erlebnisse im Mittelpunkt stehen.<\/p>\n\n\n\n<p class=\"wp-block-paragraph\"><strong>Deine Vorteile auf einen Blick:<\/strong><\/p>\n\n\n\n<ul class=\"wp-block-list\">\n<li>Verg\u00fcnstigte Kurse und Lehrg\u00e4nge<\/li>\n\n\n\n<li>Teilnahme an Vereinsveranstaltungen und Ausfl\u00fcgen<\/li>\n\n\n\n<li>Ein aktives Vereinsleben mit tollen Menschen<\/li>\n\n\n\n<li>Mitspracherecht bei Mitgliederversammlungen<\/li>\n\n\n\n<li>Unterst\u00fctzung unserer Schulpferde und Jugendarbeit<\/li>\n<\/ul>\n\n\n\n<p class=\"wp-block-paragraph\">Ob du selbst reitest, dein Kind f\u00f6rdern m\u00f6chtest oder den Verein einfach unterst\u00fctzen willst \u2013 wir freuen uns auf dich!<\/p>\n\n\n\n<p class=\"wp-block-paragraph\">Der j\u00e4hrliche Mitgliedsbeitrag betr\u00e4gt f\u00fcr Erwachsene \u00fcber 18 Jahren 96,00 \u20ac. F\u00fcr Kinder und Jugendliche unter 18 Jahren 60,00 \u20ac. Hinzu kommt die einmalig zu entrichtende Aufnahmegeb\u00fchr in H\u00f6he von 35,00 \u20ac. Der Mitgliedsbeitrag wird bei Eintritt w\u00e4hrend des Jahres anteilig berechnet. Die K\u00fcndigungsfrist betr\u00e4gt drei Monate zum Jahresende.<\/p>\n\n\n\n<p class=\"wp-block-paragraph\"><br>Jetzt Mitglied werden und gemeinsam mehr erleben!<\/p>\n\n\n\n<div class=\"wp-block-columns is-layout-flex wp-container-core-columns-is-layout-7387b849 wp-block-columns-is-layout-flex\">\n<div class=\"wp-block-column is-layout-flow wp-block-column-is-layout-flow\" style=\"flex-basis:50%\"><div class=\"wp-block-image\">\n<figure class=\"alignright size-large is-resized\"><img loading=\"lazy\" decoding=\"async\" width=\"683\" height=\"1024\" src=\"https:\/\/www.rsg-kostheim.de\/wordpress\/wp-content\/uploads\/2025\/08\/mediamodifier-Zd_KEvlWcFw-unsplash-683x1024.jpg\" alt=\"\" class=\"wp-image-1186\" style=\"aspect-ratio:0.6670111972437553;width:197px;height:auto\" srcset=\"https:\/\/www.rsg-kostheim.de\/wordpress\/wp-content\/uploads\/2025\/08\/mediamodifier-Zd_KEvlWcFw-unsplash-683x1024.jpg 683w, https:\/\/www.rsg-kostheim.de\/wordpress\/wp-content\/uploads\/2025\/08\/mediamodifier-Zd_KEvlWcFw-unsplash-200x300.jpg 200w, https:\/\/www.rsg-kostheim.de\/wordpress\/wp-content\/uploads\/2025\/08\/mediamodifier-Zd_KEvlWcFw-unsplash-768x1152.jpg 768w, https:\/\/www.rsg-kostheim.de\/wordpress\/wp-content\/uploads\/2025\/08\/mediamodifier-Zd_KEvlWcFw-unsplash-1024x1536.jpg 1024w, https:\/\/www.rsg-kostheim.de\/wordpress\/wp-content\/uploads\/2025\/08\/mediamodifier-Zd_KEvlWcFw-unsplash-1365x2048.jpg 1365w, https:\/\/www.rsg-kostheim.de\/wordpress\/wp-content\/uploads\/2025\/08\/mediamodifier-Zd_KEvlWcFw-unsplash-1140x1710.jpg 1140w, https:\/\/www.rsg-kostheim.de\/wordpress\/wp-content\/uploads\/2025\/08\/mediamodifier-Zd_KEvlWcFw-unsplash-scaled.jpg 1707w\" sizes=\"auto, (max-width: 683px) 100vw, 683px\" \/><\/figure>\n<\/div><\/div>\n\n\n\n<div class=\"wp-block-column is-layout-flow wp-block-column-is-layout-flow\" style=\"flex-basis:50%\">\n<p class=\"wp-block-paragraph\"><a href=\"https:\/\/www.rsg-kostheim.de\/nextcloud\/s\/dTmQ6iRQBWsYjb7\">HIER<\/a> findest du alle wichtigen Infos sowie den Mitgliedsantrag daf\u00fcr.<\/p>\n<\/div>\n<\/div>\n","protected":false},"excerpt":{"rendered":"<p>Werde Teil unserer Gemeinschaft \u2013 jetzt Mitglied werden!Ob jung oder alt, Einsteiger*in oder erfahrene*r Reiter*in \u2013 bei uns im Reitverein sind alle willkommen, die Freude am Miteinander und an Pferden haben! Mit einer Mitgliedschaft wirst du Teil einer lebendigen Gemeinschaft, in der Zusammenhalt, Lernen und gemeinsame Erlebnisse im Mittelpunkt stehen. Deine Vorteile auf einen Blick: Ob du selbst reitest, dein Kind f\u00f6rdern m\u00f6chtest oder den Verein einfach unterst\u00fctzen willst \u2013 wir freuen uns auf dich! Der j\u00e4hrliche Mitgliedsbeitrag betr\u00e4gt f\u00fcr Erwachsene \u00fcber 18 Jahren 96,00 \u20ac. F\u00fcr Kinder und Jugendliche unter 18 Jahren 60,00 \u20ac. Hinzu kommt die einmalig zu entrichtende Aufnahmegeb\u00fchr in H\u00f6he von 35,00 \u20ac. Der Mitgliedsbeitrag wird bei Eintritt w\u00e4hrend des Jahres anteilig berechnet. Die K\u00fcndigungsfrist betr\u00e4gt drei Monate zum Jahresende. Jetzt Mitglied werden und gemeinsam mehr erleben! HIER findest du alle wichtigen Infos sowie den Mitgliedsantrag daf\u00fcr.<\/p>\n","protected":false},"author":1,"featured_media":0,"parent":0,"menu_order":0,"comment_status":"closed","ping_status":"closed","template":"","meta":{"_crdt_document":"","footnotes":""},"class_list":["post-1115","page","type-page","status-publish","hentry"],"_links":{"self":[{"href":"https:\/\/www.rsg-kostheim.de\/wordpress\/wp-json\/wp\/v2\/pages\/1115","targetHints":{"allow":["GET"]}}],"collection":[{"href":"https:\/\/www.rsg-kostheim.de\/wordpress\/wp-json\/wp\/v2\/pages"}],"about":[{"href":"https:\/\/www.rsg-kostheim.de\/wordpress\/wp-json\/wp\/v2\/types\/page"}],"author":[{"embeddable":true,"href":"https:\/\/www.rsg-kostheim.de\/wordpress\/wp-json\/wp\/v2\/users\/1"}],"replies":[{"embeddable":true,"href":"https:\/\/www.rsg-kostheim.de\/wordpress\/wp-json\/wp\/v2\/comments?post=1115"}],"version-history":[{"count":6,"href":"https:\/\/www.rsg-kostheim.de\/wordpress\/wp-json\/wp\/v2\/pages\/1115\/revisions"}],"predecessor-version":[{"id":1533,"href":"https:\/\/www.rsg-kostheim.de\/wordpress\/wp-json\/wp\/v2\/pages\/1115\/revisions\/1533"}],"wp:attachment":[{"href":"https:\/\/www.rsg-kostheim.de\/wordpress\/wp-json\/wp\/v2\/media?parent=1115"}],"curies":[{"name":"wp","href":"https:\/\/api.w.org\/{rel}","templated":true}]}}