{"id":1114,"date":"2025-08-05T21:36:22","date_gmt":"2025-08-05T19:36:22","guid":{"rendered":"https:\/\/www.rsg-kostheim.de\/wordpress\/?page_id=1114"},"modified":"2025-11-01T20:54:15","modified_gmt":"2025-11-01T19:54:15","slug":"verein","status":"publish","type":"page","link":"https:\/\/www.rsg-kostheim.de\/wordpress\/verein\/","title":{"rendered":"Verein"},"content":{"rendered":"\n<p class=\"wp-block-paragraph\">Unser Reitverein ist weit mehr als nur ein Ort zum Reiten \u2013 er ist eine Gemeinschaft, in der Menschen aller Altersklassen ihre Leidenschaft f\u00fcr Pferde teilen. Ob Anf\u00e4nger oder Fortgeschrittene, Freizeitreiter oder ambitionierte Turnierreiter \u2013 bei uns sind alle willkommen. Wir stehen f\u00fcr respektvollen Umgang mit Mensch und Tier, fundierten Reitunterricht, ein aktives Vereinsleben und eine offene, famili\u00e4re Atmosph\u00e4re. Lerne uns, unsere Werte und unsere Geschichte kennen \u2013 vielleicht ja auch bald pers\u00f6nlich.<\/p>\n\n\n\n<p class=\"wp-block-paragraph\">Die Reitsportgemeinschaft Mainz-Kostheim ist ein gemeinn\u00fctziger Verein, der 1972 gegr\u00fcndet wurde und seither im Bruchst\u00fcck zu Hause ist. Die Anlage geh\u00f6rt dem Verein und wird auch von ihm betrieben.<\/p>\n\n\n\n<p class=\"wp-block-paragraph\"><strong>Seit \u00fcber 50 Jahren lautet unser Motto \u201eMit Pferden leben\u201c.<br><\/strong>Im Mittelpunkt steht der Schulbetrieb. Seit seiner Gr\u00fcndung setzt sich die RSG Mainz-Kostheim daf\u00fcr ein, Reiten f\u00fcr alle erschwinglich zu machen. Der Verein ist deshalb stolz, dass er die Ausbildung seiner Reitsch\u00fcler*innen im eigenen Schulbetrieb trotz personeller und finanzieller Belastungen stets aufrecht erhalten konnte.<br>Ohne unsere Mitglieder und deren Einsatz, w\u00e4re dies alles nicht m\u00f6glich.<\/p>\n\n\n\n<p class=\"wp-block-paragraph\"><\/p>\n\n\n\n<p class=\"wp-block-paragraph\">Hier findest du alle wichtigen Dokumente zu unseren Angeboten der Reitschule, Informationen f\u00fcr interessierte Einsteller*innen, Reit- und Pflegebeteiligungen, sowie unsere Satzung, Betriebsordnung und Vertragsdokumente:<\/p>\n\n\n\n<p class=\"wp-block-paragraph\"><a href=\"https:\/\/www.rsg-kostheim.de\/nextcloud\/s\/dTmQ6iRQBWsYjb7\">Info-Dokumente RSG Mainz-Kostheim<\/a><\/p>\n","protected":false},"excerpt":{"rendered":"<p>Unser Reitverein ist weit mehr als nur ein Ort zum Reiten \u2013 er ist eine Gemeinschaft, in der Menschen aller Altersklassen ihre Leidenschaft f\u00fcr Pferde teilen. Ob Anf\u00e4nger oder Fortgeschrittene, Freizeitreiter oder ambitionierte Turnierreiter \u2013 bei uns sind alle willkommen. Wir stehen f\u00fcr respektvollen Umgang mit Mensch und Tier, fundierten Reitunterricht, ein aktives Vereinsleben und eine offene, famili\u00e4re Atmosph\u00e4re. Lerne uns, unsere Werte und unsere Geschichte kennen \u2013 vielleicht ja auch bald pers\u00f6nlich. Die Reitsportgemeinschaft Mainz-Kostheim ist ein gemeinn\u00fctziger Verein, der 1972 gegr\u00fcndet wurde und seither im Bruchst\u00fcck zu Hause ist. Die Anlage geh\u00f6rt dem Verein und wird auch von ihm betrieben. Seit \u00fcber 50 Jahren lautet unser Motto \u201eMit Pferden leben\u201c.Im Mittelpunkt steht der Schulbetrieb. Seit seiner Gr\u00fcndung setzt sich die RSG Mainz-Kostheim daf\u00fcr ein, Reiten f\u00fcr alle erschwinglich zu machen. Der Verein ist deshalb stolz, dass er die Ausbildung seiner Reitsch\u00fcler*innen im eigenen Schulbetrieb trotz personeller und finanzieller Belastungen stets aufrecht erhalten konnte.Ohne unsere Mitglieder und deren Einsatz, w\u00e4re dies alles nicht m\u00f6glich. Hier findest du alle wichtigen Dokumente zu unseren Angeboten der Reitschule, Informationen f\u00fcr interessierte Einsteller*innen, Reit- und Pflegebeteiligungen, sowie unsere Satzung, Betriebsordnung und Vertragsdokumente: Info-Dokumente RSG Mainz-Kostheim<\/p>\n","protected":false},"author":1,"featured_media":0,"parent":0,"menu_order":0,"comment_status":"closed","ping_status":"closed","template":"","meta":{"_crdt_document":"","footnotes":""},"class_list":["post-1114","page","type-page","status-publish","hentry"],"_links":{"self":[{"href":"https:\/\/www.rsg-kostheim.de\/wordpress\/wp-json\/wp\/v2\/pages\/1114","targetHints":{"allow":["GET"]}}],"collection":[{"href":"https:\/\/www.rsg-kostheim.de\/wordpress\/wp-json\/wp\/v2\/pages"}],"about":[{"href":"https:\/\/www.rsg-kostheim.de\/wordpress\/wp-json\/wp\/v2\/types\/page"}],"author":[{"embeddable":true,"href":"https:\/\/www.rsg-kostheim.de\/wordpress\/wp-json\/wp\/v2\/users\/1"}],"replies":[{"embeddable":true,"href":"https:\/\/www.rsg-kostheim.de\/wordpress\/wp-json\/wp\/v2\/comments?post=1114"}],"version-history":[{"count":6,"href":"https:\/\/www.rsg-kostheim.de\/wordpress\/wp-json\/wp\/v2\/pages\/1114\/revisions"}],"predecessor-version":[{"id":1895,"href":"https:\/\/www.rsg-kostheim.de\/wordpress\/wp-json\/wp\/v2\/pages\/1114\/revisions\/1895"}],"wp:attachment":[{"href":"https:\/\/www.rsg-kostheim.de\/wordpress\/wp-json\/wp\/v2\/media?parent=1114"}],"curies":[{"name":"wp","href":"https:\/\/api.w.org\/{rel}","templated":true}]}}