{"id":1025,"date":"2025-08-05T16:54:26","date_gmt":"2025-08-05T14:54:26","guid":{"rendered":"https:\/\/www.rsg-kostheim.de\/wordpress\/?page_id=1025"},"modified":"2025-11-21T16:17:03","modified_gmt":"2025-11-21T15:17:03","slug":"arbeitseinsaetze","status":"publish","type":"page","link":"https:\/\/www.rsg-kostheim.de\/wordpress\/arbeitseinsaetze\/","title":{"rendered":"Arbeitseins\u00e4tze"},"content":{"rendered":"\n<p class=\"wp-block-paragraph\">F\u00fcr unsere regelm\u00e4\u00dfigen Arbeitseins\u00e4tze treffen wir uns in der Regel samstags um 11 Uhr, um gemeinsam aktuell anstehende Arbeiten auf unserer Anlage zu erledigen, damit wir weiterhin alle eine sch\u00f6ne Zeit dort verbringen k\u00f6nnen.<\/p>\n\n\n\n<div class=\"wp-block-columns is-layout-flex wp-container-core-columns-is-layout-7387b849 wp-block-columns-is-layout-flex\">\n<div class=\"wp-block-column is-layout-flow wp-block-column-is-layout-flow\" style=\"flex-basis:100%\">\n<div class=\"wp-block-media-text is-stacked-on-mobile\" style=\"grid-template-columns:34% auto\"><figure class=\"wp-block-media-text__media\"><img loading=\"lazy\" decoding=\"async\" width=\"683\" height=\"1024\" src=\"https:\/\/www.rsg-kostheim.de\/wordpress\/wp-content\/uploads\/2025\/08\/annie-spratt-j8xUK4ijoj0-unsplash-683x1024.jpg\" alt=\"\" class=\"wp-image-1066 size-full\" srcset=\"https:\/\/www.rsg-kostheim.de\/wordpress\/wp-content\/uploads\/2025\/08\/annie-spratt-j8xUK4ijoj0-unsplash-683x1024.jpg 683w, https:\/\/www.rsg-kostheim.de\/wordpress\/wp-content\/uploads\/2025\/08\/annie-spratt-j8xUK4ijoj0-unsplash-200x300.jpg 200w, https:\/\/www.rsg-kostheim.de\/wordpress\/wp-content\/uploads\/2025\/08\/annie-spratt-j8xUK4ijoj0-unsplash-768x1152.jpg 768w, https:\/\/www.rsg-kostheim.de\/wordpress\/wp-content\/uploads\/2025\/08\/annie-spratt-j8xUK4ijoj0-unsplash-1024x1536.jpg 1024w, https:\/\/www.rsg-kostheim.de\/wordpress\/wp-content\/uploads\/2025\/08\/annie-spratt-j8xUK4ijoj0-unsplash-1365x2048.jpg 1365w, https:\/\/www.rsg-kostheim.de\/wordpress\/wp-content\/uploads\/2025\/08\/annie-spratt-j8xUK4ijoj0-unsplash-1140x1710.jpg 1140w, https:\/\/www.rsg-kostheim.de\/wordpress\/wp-content\/uploads\/2025\/08\/annie-spratt-j8xUK4ijoj0-unsplash-scaled.jpg 1707w\" sizes=\"auto, (max-width: 683px) 100vw, 683px\" \/><\/figure><div class=\"wp-block-media-text__content\">\n<p class=\"wp-block-paragraph\"><strong>Die n\u00e4chsten Termine sind wie folgt geplant:<\/strong><br><br>28. Februar 2026<\/p>\n\n\n\n<p class=\"wp-block-paragraph\">21. M\u00e4rz 2026<\/p>\n\n\n\n<p class=\"wp-block-paragraph\">25. April 2026<\/p>\n\n\n\n<p class=\"wp-block-paragraph\">30. Mai 2026<\/p>\n\n\n\n<p class=\"wp-block-paragraph\">27. Juni 2026<\/p>\n\n\n\n<p class=\"wp-block-paragraph\">25. Juli 2026<\/p>\n\n\n\n<p class=\"wp-block-paragraph\">29. August 2026<\/p>\n\n\n\n<p class=\"wp-block-paragraph\">12. September 2026<\/p>\n\n\n\n<p class=\"wp-block-paragraph\">31. Oktober 2026<\/p>\n\n\n\n<p class=\"wp-block-paragraph\">28. November 2026<\/p>\n<\/div><\/div>\n<\/div>\n<\/div>\n\n\n\n<p class=\"wp-block-paragraph\">Wir freuen uns \u00fcber alle, die mithelfen &#8211; gerne auch die J\u00fcngeren und ihre Eltern!<\/p>\n","protected":false},"excerpt":{"rendered":"<p>F\u00fcr unsere regelm\u00e4\u00dfigen Arbeitseins\u00e4tze treffen wir uns in der Regel samstags um 11 Uhr, um gemeinsam aktuell anstehende Arbeiten auf unserer Anlage zu erledigen, damit wir weiterhin alle eine sch\u00f6ne Zeit dort verbringen k\u00f6nnen. Die n\u00e4chsten Termine sind wie folgt geplant: 28. Februar 2026 21. M\u00e4rz 2026 25. April 2026 30. Mai 2026 27. Juni 2026 25. Juli 2026 29. August 2026 12. September 2026 31. Oktober 2026 28. November 2026 Wir freuen uns \u00fcber alle, die mithelfen &#8211; gerne auch die J\u00fcngeren und ihre Eltern!<\/p>\n","protected":false},"author":1,"featured_media":0,"parent":0,"menu_order":0,"comment_status":"closed","ping_status":"closed","template":"","meta":{"_crdt_document":"","footnotes":""},"class_list":["post-1025","page","type-page","status-publish","hentry"],"_links":{"self":[{"href":"https:\/\/www.rsg-kostheim.de\/wordpress\/wp-json\/wp\/v2\/pages\/1025","targetHints":{"allow":["GET"]}}],"collection":[{"href":"https:\/\/www.rsg-kostheim.de\/wordpress\/wp-json\/wp\/v2\/pages"}],"about":[{"href":"https:\/\/www.rsg-kostheim.de\/wordpress\/wp-json\/wp\/v2\/types\/page"}],"author":[{"embeddable":true,"href":"https:\/\/www.rsg-kostheim.de\/wordpress\/wp-json\/wp\/v2\/users\/1"}],"replies":[{"embeddable":true,"href":"https:\/\/www.rsg-kostheim.de\/wordpress\/wp-json\/wp\/v2\/comments?post=1025"}],"version-history":[{"count":10,"href":"https:\/\/www.rsg-kostheim.de\/wordpress\/wp-json\/wp\/v2\/pages\/1025\/revisions"}],"predecessor-version":[{"id":1949,"href":"https:\/\/www.rsg-kostheim.de\/wordpress\/wp-json\/wp\/v2\/pages\/1025\/revisions\/1949"}],"wp:attachment":[{"href":"https:\/\/www.rsg-kostheim.de\/wordpress\/wp-json\/wp\/v2\/media?parent=1025"}],"curies":[{"name":"wp","href":"https:\/\/api.w.org\/{rel}","templated":true}]}}