{"id":1022,"date":"2025-08-05T16:54:26","date_gmt":"2025-08-05T14:54:26","guid":{"rendered":"https:\/\/www.rsg-kostheim.de\/wordpress\/?page_id=1022"},"modified":"2025-08-06T10:34:38","modified_gmt":"2025-08-06T08:34:38","slug":"freizeitangebote","status":"publish","type":"page","link":"https:\/\/www.rsg-kostheim.de\/wordpress\/freizeitangebote\/","title":{"rendered":"Freizeitangebote"},"content":{"rendered":"\n<p class=\"wp-block-paragraph\"><strong>Mehr als nur Reiten \u2013 unsere Freizeitangebote rund ums Pferd<\/strong><br>Reiten ist ein Herzst\u00fcck unseres Vereins \u2013 aber l\u00e4ngst nicht alles! Bei uns gibt es viele sch\u00f6ne M\u00f6glichkeiten, Zeit mit Pferden zu verbringen, ohne im Sattel zu sitzen. Vom gemeinsamen Schwitzen bei der Reiter-Fitness \u00fcber kreative Aktionen im Stall bis hin zu Ferienangeboten, Ausfl\u00fcgen oder Bastelnachmittagen: Wir schaffen Raum f\u00fcr Gemeinschaft, Lernen und Spa\u00df \u2013 f\u00fcr Kinder, Jugendliche und Erwachsene gleicherma\u00dfen.<\/p>\n\n\n\n<p class=\"wp-block-paragraph\">Diese Angebote st\u00e4rken nicht nur den Zusammenhalt im Verein, sondern erm\u00f6glichen auch wertvolle Erfahrungen im Umgang mit dem Pferd \u2013 ganz ohne Reitstunde. Schau rein und entdecke, was bei uns alles m\u00f6glich ist!<\/p>\n","protected":false},"excerpt":{"rendered":"<p>Mehr als nur Reiten \u2013 unsere Freizeitangebote rund ums PferdReiten ist ein Herzst\u00fcck unseres Vereins \u2013 aber l\u00e4ngst nicht alles! Bei uns gibt es viele sch\u00f6ne M\u00f6glichkeiten, Zeit mit Pferden zu verbringen, ohne im Sattel zu sitzen. Vom gemeinsamen Schwitzen bei der Reiter-Fitness \u00fcber kreative Aktionen im Stall bis hin zu Ferienangeboten, Ausfl\u00fcgen oder Bastelnachmittagen: Wir schaffen Raum f\u00fcr Gemeinschaft, Lernen und Spa\u00df \u2013 f\u00fcr Kinder, Jugendliche und Erwachsene gleicherma\u00dfen. Diese Angebote st\u00e4rken nicht nur den Zusammenhalt im Verein, sondern erm\u00f6glichen auch wertvolle Erfahrungen im Umgang mit dem Pferd \u2013 ganz ohne Reitstunde. Schau rein und entdecke, was bei uns alles m\u00f6glich ist!<\/p>\n","protected":false},"author":1,"featured_media":0,"parent":0,"menu_order":0,"comment_status":"closed","ping_status":"closed","template":"","meta":{"_crdt_document":"","footnotes":""},"class_list":["post-1022","page","type-page","status-publish","hentry"],"_links":{"self":[{"href":"https:\/\/www.rsg-kostheim.de\/wordpress\/wp-json\/wp\/v2\/pages\/1022","targetHints":{"allow":["GET"]}}],"collection":[{"href":"https:\/\/www.rsg-kostheim.de\/wordpress\/wp-json\/wp\/v2\/pages"}],"about":[{"href":"https:\/\/www.rsg-kostheim.de\/wordpress\/wp-json\/wp\/v2\/types\/page"}],"author":[{"embeddable":true,"href":"https:\/\/www.rsg-kostheim.de\/wordpress\/wp-json\/wp\/v2\/users\/1"}],"replies":[{"embeddable":true,"href":"https:\/\/www.rsg-kostheim.de\/wordpress\/wp-json\/wp\/v2\/comments?post=1022"}],"version-history":[{"count":2,"href":"https:\/\/www.rsg-kostheim.de\/wordpress\/wp-json\/wp\/v2\/pages\/1022\/revisions"}],"predecessor-version":[{"id":1197,"href":"https:\/\/www.rsg-kostheim.de\/wordpress\/wp-json\/wp\/v2\/pages\/1022\/revisions\/1197"}],"wp:attachment":[{"href":"https:\/\/www.rsg-kostheim.de\/wordpress\/wp-json\/wp\/v2\/media?parent=1022"}],"curies":[{"name":"wp","href":"https:\/\/api.w.org\/{rel}","templated":true}]}}