{"id":1021,"date":"2025-08-05T16:54:26","date_gmt":"2025-08-05T14:54:26","guid":{"rendered":"https:\/\/www.rsg-kostheim.de\/wordpress\/?page_id=1021"},"modified":"2025-10-19T21:19:36","modified_gmt":"2025-10-19T19:19:36","slug":"informationen-fuer-einsteller","status":"publish","type":"page","link":"https:\/\/www.rsg-kostheim.de\/wordpress\/informationen-fuer-einsteller\/","title":{"rendered":"Informationen f\u00fcr Einsteller*innen"},"content":{"rendered":"\n<p class=\"wp-block-paragraph\">Du suchst einen Ort, an dem sich dein Pferd rundum wohlf\u00fchlen kann \u2013 mit guter Versorgung, gepflegten Anlagen und einem respektvollen, herzlichen Miteinander? Dann bist du bei uns genau richtig. Auf unserer Reitanlage bieten wir nicht nur artgerechte Haltung, sondern auch eine Stallgemeinschaft, in der Zusammenhalt und gegenseitige Unterst\u00fctzung gro\u00dfgeschrieben werden.<\/p>\n\n\n\n<p class=\"wp-block-paragraph\">Hier erf\u00e4hrst du alles \u00fcber unsere Angebote f\u00fcr Einsteller*innen und unsere Anlage:<\/p>\n\n\n\n<p class=\"wp-block-paragraph\"><a href=\"https:\/\/www.rsg-kostheim.de\/nextcloud\/s\/dTmQ6iRQBWsYjb7\">Info-Dokumente RSG Mainz-Kostheim<\/a><\/p>\n\n\n\n<p class=\"wp-block-paragraph\"><em>Aktuell sind alle unsere Pl\u00e4tze besetzt &#8211; solltest du Interesse haben und ggf. mit etwas zeitlichem Vorlauf einen Platz f\u00fcr dein Pferd suchen, melde dich gerne einfach mal bei uns, um M\u00f6glichkeiten zu besprechen!<\/em><\/p>\n\n\n\n<div style=\"height:40px\" aria-hidden=\"true\" class=\"wp-block-spacer\"><\/div>\n\n\n\n<h3 class=\"wp-block-heading\">Preise pro Monat<\/h3>\n\n\n\n<figure class=\"wp-block-table\"><table class=\"has-fixed-layout\"><tbody><tr><td>Fensterbox<\/td><td>320 \u20ac<\/td><\/tr><tr><td>Gro\u00dfe Box (1 \u00bd)<\/td><td>360 \u20ac<\/td><\/tr><tr><td>Paddockbox<\/td><td>380 \u20ac<\/td><\/tr><tr><td>Offenstall<\/td><td>380 \u20ac<\/td><\/tr><tr><td><em>Sp\u00e4ne-Einstreu auf Anfrage<\/em><\/td><td><\/td><\/tr><tr><td><\/td><td><\/td><\/tr><tr><td>Mietspind<\/td><td>10 \u20ac<\/td><\/tr><tr><td>Mietspind gro\u00df<\/td><td>12 \u20ac<\/td><\/tr><tr><td>Mietspindaufsatz<\/td><td>5 \u20ac<\/td><\/tr><\/tbody><\/table><\/figure>\n","protected":false},"excerpt":{"rendered":"<p>Du suchst einen Ort, an dem sich dein Pferd rundum wohlf\u00fchlen kann \u2013 mit guter Versorgung, gepflegten Anlagen und einem respektvollen, herzlichen Miteinander? Dann bist du bei uns genau richtig. Auf unserer Reitanlage bieten wir nicht nur artgerechte Haltung, sondern auch eine Stallgemeinschaft, in der Zusammenhalt und gegenseitige Unterst\u00fctzung gro\u00dfgeschrieben werden. Hier erf\u00e4hrst du alles \u00fcber unsere Angebote f\u00fcr Einsteller*innen und unsere Anlage: Info-Dokumente RSG Mainz-Kostheim Aktuell sind alle unsere Pl\u00e4tze besetzt &#8211; solltest du Interesse haben und ggf. mit etwas zeitlichem Vorlauf einen Platz f\u00fcr dein Pferd suchen, melde dich gerne einfach mal bei uns, um M\u00f6glichkeiten zu besprechen! Preise pro Monat Fensterbox 320 \u20ac Gro\u00dfe Box (1 \u00bd) 360 \u20ac Paddockbox 380 \u20ac Offenstall 380 \u20ac Sp\u00e4ne-Einstreu auf Anfrage Mietspind 10 \u20ac Mietspind gro\u00df 12 \u20ac Mietspindaufsatz 5 \u20ac<\/p>\n","protected":false},"author":1,"featured_media":0,"parent":0,"menu_order":0,"comment_status":"closed","ping_status":"closed","template":"","meta":{"_crdt_document":"","footnotes":""},"class_list":["post-1021","page","type-page","status-publish","hentry"],"_links":{"self":[{"href":"https:\/\/www.rsg-kostheim.de\/wordpress\/wp-json\/wp\/v2\/pages\/1021","targetHints":{"allow":["GET"]}}],"collection":[{"href":"https:\/\/www.rsg-kostheim.de\/wordpress\/wp-json\/wp\/v2\/pages"}],"about":[{"href":"https:\/\/www.rsg-kostheim.de\/wordpress\/wp-json\/wp\/v2\/types\/page"}],"author":[{"embeddable":true,"href":"https:\/\/www.rsg-kostheim.de\/wordpress\/wp-json\/wp\/v2\/users\/1"}],"replies":[{"embeddable":true,"href":"https:\/\/www.rsg-kostheim.de\/wordpress\/wp-json\/wp\/v2\/comments?post=1021"}],"version-history":[{"count":5,"href":"https:\/\/www.rsg-kostheim.de\/wordpress\/wp-json\/wp\/v2\/pages\/1021\/revisions"}],"predecessor-version":[{"id":1808,"href":"https:\/\/www.rsg-kostheim.de\/wordpress\/wp-json\/wp\/v2\/pages\/1021\/revisions\/1808"}],"wp:attachment":[{"href":"https:\/\/www.rsg-kostheim.de\/wordpress\/wp-json\/wp\/v2\/media?parent=1021"}],"curies":[{"name":"wp","href":"https:\/\/api.w.org\/{rel}","templated":true}]}}