{"id":1019,"date":"2025-08-05T16:54:26","date_gmt":"2025-08-05T14:54:26","guid":{"rendered":"https:\/\/www.rsg-kostheim.de\/wordpress\/?page_id=1019"},"modified":"2025-10-08T16:58:38","modified_gmt":"2025-10-08T14:58:38","slug":"fuehrzuegel","status":"publish","type":"page","link":"https:\/\/www.rsg-kostheim.de\/wordpress\/fuehrzuegel\/","title":{"rendered":"F\u00fchrz\u00fcgel"},"content":{"rendered":"\n<p class=\"wp-block-paragraph\">Von unseren Reitlehrer*innen und Helfer*innen aus dem Verein wird der Umgang mit dem Pferd, das Putzen und Satteln gezeigt. Anschlie\u00dfend hei\u00dft es, rein in den Sattel und sp\u00fcren, wie es sich anf\u00fchlt, auf einem Pferd zu reiten. W\u00e4hrend ein Kind das Pferd unter Aufsicht f\u00fchrt, lernt das andere Kind das n\u00f6tige Gleichgewicht und das Einf\u00fchlungsverm\u00f6gen f\u00fcr das Pferd.<br>Anschlie\u00dfend wird das Pferd oder Pony wieder versorgt, die Hufe gepflegt und ein Leckerli zur Belohnung verteilt. Die Reitstunde dauert mit allem dann in etwa 2 Stunden.<\/p>\n\n\n\n<figure class=\"wp-block-image size-large\"><img loading=\"lazy\" decoding=\"async\" width=\"1024\" height=\"514\" src=\"https:\/\/www.rsg-kostheim.de\/wordpress\/wp-content\/uploads\/2025\/10\/549421418_816489534245010_8615829623459995011_n-1024x514.jpg\" alt=\"\" class=\"wp-image-1746\" srcset=\"https:\/\/www.rsg-kostheim.de\/wordpress\/wp-content\/uploads\/2025\/10\/549421418_816489534245010_8615829623459995011_n-1024x514.jpg 1024w, https:\/\/www.rsg-kostheim.de\/wordpress\/wp-content\/uploads\/2025\/10\/549421418_816489534245010_8615829623459995011_n-300x151.jpg 300w, https:\/\/www.rsg-kostheim.de\/wordpress\/wp-content\/uploads\/2025\/10\/549421418_816489534245010_8615829623459995011_n-768x386.jpg 768w, https:\/\/www.rsg-kostheim.de\/wordpress\/wp-content\/uploads\/2025\/10\/549421418_816489534245010_8615829623459995011_n-1536x771.jpg 1536w, https:\/\/www.rsg-kostheim.de\/wordpress\/wp-content\/uploads\/2025\/10\/549421418_816489534245010_8615829623459995011_n-1140x572.jpg 1140w, https:\/\/www.rsg-kostheim.de\/wordpress\/wp-content\/uploads\/2025\/10\/549421418_816489534245010_8615829623459995011_n.jpg 2048w\" sizes=\"auto, (max-width: 1024px) 100vw, 1024px\" \/><\/figure>\n\n\n\n<h3 class=\"wp-block-heading\"><br>Zielgruppe<\/h3>\n\n\n\n<p class=\"wp-block-paragraph\">Kinder ab dem Grundschulalter (je nach Entwicklung, in Abstimmung mit den Reitlehrer*innen)<\/p>\n\n\n\n<h3 class=\"wp-block-heading\"><br>Termine<\/h3>\n\n\n\n<p class=\"wp-block-paragraph\">Donnerstag 16:00-18:00 Uhr und Samstag 11:00-13:00 Uhr<\/p>\n\n\n\n<div style=\"height:50px\" aria-hidden=\"true\" class=\"wp-block-spacer\"><\/div>\n\n\n\n<p class=\"wp-block-paragraph\"><em>Leider sind zurzeit alle Pl\u00e4tze belegt. Wir f\u00fchren aber eine Warteliste. Gerne nehmen wir interessierte Kinder auf und melden uns, wenn ein Platz in einer passenden Gruppe frei wird. Daf\u00fcr ben\u00f6tigen wir den<br>Namen und das Geburtsdatum des Kindes sowie eine Handynummer oder Mail-Adresse eines Elternteils.<\/em><\/p>\n\n\n\n<p class=\"wp-block-paragraph\"><em>Sende bitte diese Informationen (und gerne auch weitere Fragen) an <a href=\"mailto:reitstunden@rsg-kostheim.de\">reitstunden@rsg-kostheim.de<\/a><\/em><\/p>\n\n\n\n<p class=\"wp-block-paragraph\"><\/p>\n","protected":false},"excerpt":{"rendered":"<p>Von unseren Reitlehrer*innen und Helfer*innen aus dem Verein wird der Umgang mit dem Pferd, das Putzen und Satteln gezeigt. Anschlie\u00dfend hei\u00dft es, rein in den Sattel und sp\u00fcren, wie es sich anf\u00fchlt, auf einem Pferd zu reiten. W\u00e4hrend ein Kind das Pferd unter Aufsicht f\u00fchrt, lernt das andere Kind das n\u00f6tige Gleichgewicht und das Einf\u00fchlungsverm\u00f6gen f\u00fcr das Pferd.Anschlie\u00dfend wird das Pferd oder Pony wieder versorgt, die Hufe gepflegt und ein Leckerli zur Belohnung verteilt. Die Reitstunde dauert mit allem dann in etwa 2 Stunden. Zielgruppe Kinder ab dem Grundschulalter (je nach Entwicklung, in Abstimmung mit den Reitlehrer*innen) Termine Donnerstag 16:00-18:00 Uhr und Samstag 11:00-13:00 Uhr Leider sind zurzeit alle Pl\u00e4tze belegt. Wir f\u00fchren aber eine Warteliste. Gerne nehmen wir interessierte Kinder auf und melden uns, wenn ein Platz in einer passenden Gruppe frei wird. Daf\u00fcr ben\u00f6tigen wir denNamen und das Geburtsdatum des Kindes sowie eine Handynummer oder Mail-Adresse eines Elternteils. Sende bitte diese Informationen (und gerne auch weitere Fragen) an reitstunden@rsg-kostheim.de<\/p>\n","protected":false},"author":1,"featured_media":0,"parent":0,"menu_order":0,"comment_status":"closed","ping_status":"closed","template":"","meta":{"_crdt_document":"","footnotes":""},"class_list":["post-1019","page","type-page","status-publish","hentry"],"_links":{"self":[{"href":"https:\/\/www.rsg-kostheim.de\/wordpress\/wp-json\/wp\/v2\/pages\/1019","targetHints":{"allow":["GET"]}}],"collection":[{"href":"https:\/\/www.rsg-kostheim.de\/wordpress\/wp-json\/wp\/v2\/pages"}],"about":[{"href":"https:\/\/www.rsg-kostheim.de\/wordpress\/wp-json\/wp\/v2\/types\/page"}],"author":[{"embeddable":true,"href":"https:\/\/www.rsg-kostheim.de\/wordpress\/wp-json\/wp\/v2\/users\/1"}],"replies":[{"embeddable":true,"href":"https:\/\/www.rsg-kostheim.de\/wordpress\/wp-json\/wp\/v2\/comments?post=1019"}],"version-history":[{"count":7,"href":"https:\/\/www.rsg-kostheim.de\/wordpress\/wp-json\/wp\/v2\/pages\/1019\/revisions"}],"predecessor-version":[{"id":1759,"href":"https:\/\/www.rsg-kostheim.de\/wordpress\/wp-json\/wp\/v2\/pages\/1019\/revisions\/1759"}],"wp:attachment":[{"href":"https:\/\/www.rsg-kostheim.de\/wordpress\/wp-json\/wp\/v2\/media?parent=1019"}],"curies":[{"name":"wp","href":"https:\/\/api.w.org\/{rel}","templated":true}]}}