{"id":1018,"date":"2025-08-05T16:54:26","date_gmt":"2025-08-05T14:54:26","guid":{"rendered":"https:\/\/www.rsg-kostheim.de\/wordpress\/?page_id=1018"},"modified":"2025-11-13T13:40:37","modified_gmt":"2025-11-13T12:40:37","slug":"ponyclub","status":"publish","type":"page","link":"https:\/\/www.rsg-kostheim.de\/wordpress\/ponyclub\/","title":{"rendered":"Ponyclub"},"content":{"rendered":"\n<p class=\"wp-block-paragraph\">Die Kinder k\u00f6nnen hier unter Anleitung unserer Reitlehrer*innen (und bei den ersten Terminen zur Eingew\u00f6hnung gerne auch noch mit Hilfe eines Elternteils) den ersten Kontakt zu den Ponys aufnehmen und diese putzen und pflegen. Au\u00dferdem lernen sie die Ponys richtig zu f\u00fchren und k\u00f6nnen schon erste Versuche auf dem Pferder\u00fccken unternehmen.<\/p>\n\n\n<div class=\"wp-block-image\">\n<figure class=\"aligncenter size-large is-resized\"><img loading=\"lazy\" decoding=\"async\" width=\"1024\" height=\"576\" src=\"https:\/\/www.rsg-kostheim.de\/wordpress\/wp-content\/uploads\/2025\/10\/WhatsApp-Image-2025-10-04-at-14.34.49-1024x576.jpeg\" alt=\"\" class=\"wp-image-1709\" style=\"width:656px;height:auto\" srcset=\"https:\/\/www.rsg-kostheim.de\/wordpress\/wp-content\/uploads\/2025\/10\/WhatsApp-Image-2025-10-04-at-14.34.49-1024x576.jpeg 1024w, https:\/\/www.rsg-kostheim.de\/wordpress\/wp-content\/uploads\/2025\/10\/WhatsApp-Image-2025-10-04-at-14.34.49-300x169.jpeg 300w, https:\/\/www.rsg-kostheim.de\/wordpress\/wp-content\/uploads\/2025\/10\/WhatsApp-Image-2025-10-04-at-14.34.49-768x432.jpeg 768w, https:\/\/www.rsg-kostheim.de\/wordpress\/wp-content\/uploads\/2025\/10\/WhatsApp-Image-2025-10-04-at-14.34.49-1536x864.jpeg 1536w, https:\/\/www.rsg-kostheim.de\/wordpress\/wp-content\/uploads\/2025\/10\/WhatsApp-Image-2025-10-04-at-14.34.49-1140x641.jpeg 1140w, https:\/\/www.rsg-kostheim.de\/wordpress\/wp-content\/uploads\/2025\/10\/WhatsApp-Image-2025-10-04-at-14.34.49.jpeg 1600w\" sizes=\"auto, (max-width: 1024px) 100vw, 1024px\" \/><\/figure>\n<\/div>\n\n\n<h3 class=\"wp-block-heading\"><br>Zielgruppe<\/h3>\n\n\n\n<p class=\"wp-block-paragraph\">Kinder im Kindergartenalter (je nach Entwicklung, in Abstimmung mit den Reitlehrer*innen)<\/p>\n\n\n\n<h3 class=\"wp-block-heading\"><br>Termine<\/h3>\n\n\n\n<p class=\"wp-block-paragraph\">Montag 15:00\u201316:30 Uhr und Freitag 16:00-17:30 Uhr<\/p>\n\n\n\n<div style=\"height:51px\" aria-hidden=\"true\" class=\"wp-block-spacer\"><\/div>\n\n\n\n<p class=\"wp-block-paragraph\"><em>Leider sind zurzeit alle Pl\u00e4tze belegt. Wir f\u00fchren aber eine Warteliste. Gerne nehmen wir interessierte Kinder auf und melden uns, wenn ein Platz in einer passenden Gruppe frei wird. Daf\u00fcr ben\u00f6tigen wir den<br>Namen und das Geburtsdatum des Kindes sowie eine Handynummer oder Mail-Adresse eines Elternteils.<\/em><\/p>\n\n\n\n<p class=\"wp-block-paragraph\"><em>Sende bitte diese Informationen (und gerne auch weitere Fragen) an <a href=\"mailto:reitstunden@rsg-kostheim.de\">reitstunden@rsg-kostheim.de<\/a><\/em><\/p>\n","protected":false},"excerpt":{"rendered":"<p>Die Kinder k\u00f6nnen hier unter Anleitung unserer Reitlehrer*innen (und bei den ersten Terminen zur Eingew\u00f6hnung gerne auch noch mit Hilfe eines Elternteils) den ersten Kontakt zu den Ponys aufnehmen und diese putzen und pflegen. Au\u00dferdem lernen sie die Ponys richtig zu f\u00fchren und k\u00f6nnen schon erste Versuche auf dem Pferder\u00fccken unternehmen. Zielgruppe Kinder im Kindergartenalter (je nach Entwicklung, in Abstimmung mit den Reitlehrer*innen) Termine Montag 15:00\u201316:30 Uhr und Freitag 16:00-17:30 Uhr Leider sind zurzeit alle Pl\u00e4tze belegt. Wir f\u00fchren aber eine Warteliste. Gerne nehmen wir interessierte Kinder auf und melden uns, wenn ein Platz in einer passenden Gruppe frei wird. Daf\u00fcr ben\u00f6tigen wir denNamen und das Geburtsdatum des Kindes sowie eine Handynummer oder Mail-Adresse eines Elternteils. Sende bitte diese Informationen (und gerne auch weitere Fragen) an reitstunden@rsg-kostheim.de<\/p>\n","protected":false},"author":1,"featured_media":0,"parent":0,"menu_order":0,"comment_status":"closed","ping_status":"closed","template":"","meta":{"_crdt_document":"","footnotes":""},"class_list":["post-1018","page","type-page","status-publish","hentry"],"_links":{"self":[{"href":"https:\/\/www.rsg-kostheim.de\/wordpress\/wp-json\/wp\/v2\/pages\/1018","targetHints":{"allow":["GET"]}}],"collection":[{"href":"https:\/\/www.rsg-kostheim.de\/wordpress\/wp-json\/wp\/v2\/pages"}],"about":[{"href":"https:\/\/www.rsg-kostheim.de\/wordpress\/wp-json\/wp\/v2\/types\/page"}],"author":[{"embeddable":true,"href":"https:\/\/www.rsg-kostheim.de\/wordpress\/wp-json\/wp\/v2\/users\/1"}],"replies":[{"embeddable":true,"href":"https:\/\/www.rsg-kostheim.de\/wordpress\/wp-json\/wp\/v2\/comments?post=1018"}],"version-history":[{"count":9,"href":"https:\/\/www.rsg-kostheim.de\/wordpress\/wp-json\/wp\/v2\/pages\/1018\/revisions"}],"predecessor-version":[{"id":1924,"href":"https:\/\/www.rsg-kostheim.de\/wordpress\/wp-json\/wp\/v2\/pages\/1018\/revisions\/1924"}],"wp:attachment":[{"href":"https:\/\/www.rsg-kostheim.de\/wordpress\/wp-json\/wp\/v2\/media?parent=1018"}],"curies":[{"name":"wp","href":"https:\/\/api.w.org\/{rel}","templated":true}]}}