{"id":1017,"date":"2025-08-05T16:54:26","date_gmt":"2025-08-05T14:54:26","guid":{"rendered":"https:\/\/www.rsg-kostheim.de\/wordpress\/?page_id=1017"},"modified":"2026-03-15T15:02:47","modified_gmt":"2026-03-15T14:02:47","slug":"stangenstunde","status":"publish","type":"page","link":"https:\/\/www.rsg-kostheim.de\/wordpress\/stangenstunde\/","title":{"rendered":"Stangenstunde"},"content":{"rendered":"\n<p class=\"wp-block-paragraph\">Die Stangenstunde ist als Einstieg in das Reiten \u00fcber Stangen &#8211; am Boden liegend und bei fortgeschrittener \u00dcbung auch auf kleiner H\u00f6he &#8211; gedacht. Das Angebot richtet sich gleicherma\u00dfen an all unsere Mitglieder und ist sowohl mit Privat- als auch mit Schulpferd m\u00f6glich.<\/p>\n\n\n\n<p class=\"wp-block-paragraph\">Eine Teilnahme ist f\u00fcr unsere Reitsch\u00fcler*innen nach Abstimmung mit den Reitlehrer*innen m\u00f6glich.<\/p>\n\n\n\n<p class=\"wp-block-paragraph\">In der Regel wird jeweils in Zweier-Gruppen f\u00fcr ca. 45min trainiert, wobei immer im Wechsel ein Team aktiv trainiert und durch den Trainer angeleitet wird und das andere derweil kurz pausiert. Das Vorbereiten der Pferde, Aufw\u00e4rmen und Abk\u00fchlen, sowie anschlie\u00dfendes Versorgen erfolgt eigenst\u00e4ndig durch die Reiter*innen.<\/p>\n\n\n\n<p class=\"wp-block-paragraph\">Bei gutem Wetter und passenden Bodenbedingungen findet das Training auf dem gro\u00dfen Springplatz im Au\u00dfenbereich statt. Wenn die Bedingungen daf\u00fcr nicht gegeben sind, weichen wir in die Reithalle aus.<\/p>\n\n\n\n<h3 class=\"wp-block-heading\">Termine:<\/h3>\n\n\n\n<p class=\"wp-block-paragraph\">aktuell Sonntag Nachmittag, ca. im Zeitfenster 12.30 &#8211; 17 Uhr, je nach Anzahl der Teams<\/p>\n\n\n\n<p class=\"wp-block-paragraph\">Die genaue Terminvereinbarung erfolgt w\u00f6chentlich bis ca. Mitte der Woche in Absprache mit dem Trainer <em>(per WhatsApp Gruppe, in die Interessierte aufgenommen werden k\u00f6nnen)<\/em>.<\/p>\n\n\n\n<h3 class=\"wp-block-heading\">Hinweise:<\/h3>\n\n\n\n<p class=\"wp-block-paragraph\">F\u00fcr die Teilnahme mit einem Schulpferd f\u00e4llt ein Nutzungsentgeld in H\u00f6he von 10,00\u20ac an, die an den Verein zu entrichten sind.<\/p>\n\n\n\n<p class=\"wp-block-paragraph\">Die Bezahlung der Unterrichtsstunden erfolgt direkt zwischen Teilnehmer*innen und Trainer.<\/p>\n\n\n\n<figure class=\"wp-block-image size-full\"><img loading=\"lazy\" decoding=\"async\" width=\"3000\" height=\"2900\" src=\"https:\/\/www.rsg-kostheim.de\/wordpress\/wp-content\/uploads\/2026\/03\/Stangenstunde1-e1773576895480.jpeg\" alt=\"\" class=\"wp-image-2244\" srcset=\"https:\/\/www.rsg-kostheim.de\/wordpress\/wp-content\/uploads\/2026\/03\/Stangenstunde1-e1773576895480.jpeg 3000w, https:\/\/www.rsg-kostheim.de\/wordpress\/wp-content\/uploads\/2026\/03\/Stangenstunde1-e1773576895480-300x290.jpeg 300w, https:\/\/www.rsg-kostheim.de\/wordpress\/wp-content\/uploads\/2026\/03\/Stangenstunde1-e1773576895480-768x742.jpeg 768w, https:\/\/www.rsg-kostheim.de\/wordpress\/wp-content\/uploads\/2026\/03\/Stangenstunde1-e1773576895480-1024x990.jpeg 1024w, https:\/\/www.rsg-kostheim.de\/wordpress\/wp-content\/uploads\/2026\/03\/Stangenstunde1-e1773576895480-1536x1485.jpeg 1536w, https:\/\/www.rsg-kostheim.de\/wordpress\/wp-content\/uploads\/2026\/03\/Stangenstunde1-e1773576895480-2048x1980.jpeg 2048w, https:\/\/www.rsg-kostheim.de\/wordpress\/wp-content\/uploads\/2026\/03\/Stangenstunde1-e1773576895480-1140x1102.jpeg 1140w\" sizes=\"auto, (max-width: 3000px) 100vw, 3000px\" \/><\/figure>\n","protected":false},"excerpt":{"rendered":"<p>Die Stangenstunde ist als Einstieg in das Reiten \u00fcber Stangen &#8211; am Boden liegend und bei fortgeschrittener \u00dcbung auch auf kleiner H\u00f6he &#8211; gedacht. Das Angebot richtet sich gleicherma\u00dfen an all unsere Mitglieder und ist sowohl mit Privat- als auch mit Schulpferd m\u00f6glich. Eine Teilnahme ist f\u00fcr unsere Reitsch\u00fcler*innen nach Abstimmung mit den Reitlehrer*innen m\u00f6glich. In der Regel wird jeweils in Zweier-Gruppen f\u00fcr ca. 45min trainiert, wobei immer im Wechsel ein Team aktiv trainiert und durch den Trainer angeleitet wird und das andere derweil kurz pausiert. Das Vorbereiten der Pferde, Aufw\u00e4rmen und Abk\u00fchlen, sowie anschlie\u00dfendes Versorgen erfolgt eigenst\u00e4ndig durch die Reiter*innen. Bei gutem Wetter und passenden Bodenbedingungen findet das Training auf dem gro\u00dfen Springplatz im Au\u00dfenbereich statt. Wenn die Bedingungen daf\u00fcr nicht gegeben sind, weichen wir in die Reithalle aus. Termine: aktuell Sonntag Nachmittag, ca. im Zeitfenster 12.30 &#8211; 17 Uhr, je nach Anzahl der Teams Die genaue Terminvereinbarung erfolgt w\u00f6chentlich bis ca. Mitte der Woche in Absprache mit dem Trainer (per WhatsApp Gruppe, in die Interessierte aufgenommen werden k\u00f6nnen). Hinweise: F\u00fcr die Teilnahme mit einem Schulpferd f\u00e4llt ein Nutzungsentgeld in H\u00f6he von 10,00\u20ac an, die an den Verein zu entrichten sind. Die Bezahlung der Unterrichtsstunden erfolgt direkt zwischen Teilnehmer*innen und Trainer.<\/p>\n","protected":false},"author":1,"featured_media":0,"parent":0,"menu_order":0,"comment_status":"closed","ping_status":"closed","template":"","meta":{"_crdt_document":"","footnotes":""},"class_list":["post-1017","page","type-page","status-publish","hentry"],"_links":{"self":[{"href":"https:\/\/www.rsg-kostheim.de\/wordpress\/wp-json\/wp\/v2\/pages\/1017","targetHints":{"allow":["GET"]}}],"collection":[{"href":"https:\/\/www.rsg-kostheim.de\/wordpress\/wp-json\/wp\/v2\/pages"}],"about":[{"href":"https:\/\/www.rsg-kostheim.de\/wordpress\/wp-json\/wp\/v2\/types\/page"}],"author":[{"embeddable":true,"href":"https:\/\/www.rsg-kostheim.de\/wordpress\/wp-json\/wp\/v2\/users\/1"}],"replies":[{"embeddable":true,"href":"https:\/\/www.rsg-kostheim.de\/wordpress\/wp-json\/wp\/v2\/comments?post=1017"}],"version-history":[{"count":11,"href":"https:\/\/www.rsg-kostheim.de\/wordpress\/wp-json\/wp\/v2\/pages\/1017\/revisions"}],"predecessor-version":[{"id":2246,"href":"https:\/\/www.rsg-kostheim.de\/wordpress\/wp-json\/wp\/v2\/pages\/1017\/revisions\/2246"}],"wp:attachment":[{"href":"https:\/\/www.rsg-kostheim.de\/wordpress\/wp-json\/wp\/v2\/media?parent=1017"}],"curies":[{"name":"wp","href":"https:\/\/api.w.org\/{rel}","templated":true}]}}