{"id":1016,"date":"2025-08-05T16:54:26","date_gmt":"2025-08-05T14:54:26","guid":{"rendered":"https:\/\/www.rsg-kostheim.de\/wordpress\/?page_id=1016"},"modified":"2025-08-07T17:55:03","modified_gmt":"2025-08-07T15:55:03","slug":"reithalle","status":"publish","type":"page","link":"https:\/\/www.rsg-kostheim.de\/wordpress\/reithalle\/","title":{"rendered":"Reithalle"},"content":{"rendered":"\n<p class=\"wp-block-paragraph\">Unsere Reithalle misst 20 x 40m und verf\u00fcgt \u00fcber Beleuchtung sowie Beregnung, um zu jeder Zeit ideale Bedingungen zu schaffen f\u00fcr ein gutes gemeinsames Training von Pferd und Reiter.<\/p>\n\n\n\n<p class=\"wp-block-paragraph\">Von der Trib\u00fcne in der Halle oder durch die Fenster der Reiterklause kann man den Reiter*innen wunderbar und vor allem im Trockenen und Warmen zusehen.<\/p>\n\n\n\n<figure class=\"wp-block-image size-large\"><img loading=\"lazy\" decoding=\"async\" width=\"1024\" height=\"768\" src=\"https:\/\/www.rsg-kostheim.de\/wordpress\/wp-content\/uploads\/2025\/08\/Reithalle-1024x768.jpeg\" alt=\"\" class=\"wp-image-1331\" srcset=\"https:\/\/www.rsg-kostheim.de\/wordpress\/wp-content\/uploads\/2025\/08\/Reithalle-1024x768.jpeg 1024w, https:\/\/www.rsg-kostheim.de\/wordpress\/wp-content\/uploads\/2025\/08\/Reithalle-300x225.jpeg 300w, https:\/\/www.rsg-kostheim.de\/wordpress\/wp-content\/uploads\/2025\/08\/Reithalle-768x576.jpeg 768w, https:\/\/www.rsg-kostheim.de\/wordpress\/wp-content\/uploads\/2025\/08\/Reithalle-1536x1152.jpeg 1536w, https:\/\/www.rsg-kostheim.de\/wordpress\/wp-content\/uploads\/2025\/08\/Reithalle-2048x1536.jpeg 2048w, https:\/\/www.rsg-kostheim.de\/wordpress\/wp-content\/uploads\/2025\/08\/Reithalle-1140x855.jpeg 1140w\" sizes=\"auto, (max-width: 1024px) 100vw, 1024px\" \/><\/figure>\n","protected":false},"excerpt":{"rendered":"<p>Unsere Reithalle misst 20 x 40m und verf\u00fcgt \u00fcber Beleuchtung sowie Beregnung, um zu jeder Zeit ideale Bedingungen zu schaffen f\u00fcr ein gutes gemeinsames Training von Pferd und Reiter. Von der Trib\u00fcne in der Halle oder durch die Fenster der Reiterklause kann man den Reiter*innen wunderbar und vor allem im Trockenen und Warmen zusehen.<\/p>\n","protected":false},"author":1,"featured_media":0,"parent":0,"menu_order":0,"comment_status":"closed","ping_status":"closed","template":"","meta":{"_crdt_document":"","footnotes":""},"class_list":["post-1016","page","type-page","status-publish","hentry"],"_links":{"self":[{"href":"https:\/\/www.rsg-kostheim.de\/wordpress\/wp-json\/wp\/v2\/pages\/1016","targetHints":{"allow":["GET"]}}],"collection":[{"href":"https:\/\/www.rsg-kostheim.de\/wordpress\/wp-json\/wp\/v2\/pages"}],"about":[{"href":"https:\/\/www.rsg-kostheim.de\/wordpress\/wp-json\/wp\/v2\/types\/page"}],"author":[{"embeddable":true,"href":"https:\/\/www.rsg-kostheim.de\/wordpress\/wp-json\/wp\/v2\/users\/1"}],"replies":[{"embeddable":true,"href":"https:\/\/www.rsg-kostheim.de\/wordpress\/wp-json\/wp\/v2\/comments?post=1016"}],"version-history":[{"count":4,"href":"https:\/\/www.rsg-kostheim.de\/wordpress\/wp-json\/wp\/v2\/pages\/1016\/revisions"}],"predecessor-version":[{"id":1332,"href":"https:\/\/www.rsg-kostheim.de\/wordpress\/wp-json\/wp\/v2\/pages\/1016\/revisions\/1332"}],"wp:attachment":[{"href":"https:\/\/www.rsg-kostheim.de\/wordpress\/wp-json\/wp\/v2\/media?parent=1016"}],"curies":[{"name":"wp","href":"https:\/\/api.w.org\/{rel}","templated":true}]}}