{"id":1014,"date":"2025-08-05T16:54:26","date_gmt":"2025-08-05T14:54:26","guid":{"rendered":"https:\/\/www.rsg-kostheim.de\/wordpress\/?page_id=1014"},"modified":"2026-04-02T17:34:38","modified_gmt":"2026-04-02T15:34:38","slug":"reitschule","status":"publish","type":"page","link":"https:\/\/www.rsg-kostheim.de\/wordpress\/reitschule\/","title":{"rendered":"Reitschule"},"content":{"rendered":"\n<p class=\"wp-block-paragraph\">Auch Reiter*innen ohne eigenes Pferd sind bei uns immer herzlich willkommen und haben die M\u00f6glichkeit in einer Schulstunde eines unserer Schulpferde&nbsp;zu reiten.<\/p>\n\n\n\n<p class=\"wp-block-paragraph\">Wir bieten Dressurunterricht f\u00fcr Kinder und Erwachsene jeden Alters. An mehreren Tagen in der Woche gibt es den Ponyclub, F\u00fchrz\u00fcgelgruppen und Minireitstunden um den &#8222;Kleinen&#8220; einen Einstieg in die Reiterei zu bieten.<br><br>Der Reitunterricht wird von Pferdewirtschaftsmeisterin D. Zwosta und Pferdewirtin L. Adamek erteilt.<\/p>\n\n\n\n<p class=\"wp-block-paragraph\">An gesetzlichen Feiertagen und w\u00e4hrend unserer Schulpferdeferien (3-4 Wochen im Jahr) findet kein Unterricht statt.<\/p>\n\n\n\n<div style=\"height:50px\" aria-hidden=\"true\" class=\"wp-block-spacer\"><\/div>\n\n\n\n<p class=\"wp-block-paragraph\"><strong>Anfragen<\/strong> f\u00fcr Reitstunden, Fragen zu Schulpferden und dem Unterricht k\u00f6nnen per E-Mail unter <a href=\"mailto:reitstunden@rsg-kostheim.de\">reitstunden@rsg-kostheim.de<\/a> oder per Nachricht\/ Anruf unter +49 157 73932738 gestellt werden.<\/p>\n\n\n\n<p class=\"wp-block-paragraph\">Bitte ber\u00fccksichtigt bei euren Anfragen, dass wir nat\u00fcrlich den Gro\u00dfteil unserer Zeit bei und mit den Pferden und unseren Reitsch\u00fcler*innen verbringen, sodass eine R\u00fcckmeldung unter Umst\u00e4nden etwas Zeit in Anspruch nehmen kann. Vielen Dank f\u00fcr eure Geduld!<\/p>\n\n\n\n<div style=\"height:50px\" aria-hidden=\"true\" class=\"wp-block-spacer\"><\/div>\n\n\n\n<h3 class=\"wp-block-heading\">Kosten f\u00fcr die Reitschule<\/h3>\n\n\n\n<h4 class=\"wp-block-heading\">Monatliche Reitstundenbeitr\u00e4ge bei einer Reitstunde pro Woche<\/h4>\n\n\n\n<figure class=\"wp-block-table\"><table class=\"has-fixed-layout\"><tbody><tr><td>Reitsch\u00fcler <span style=\"text-decoration: underline;\">unter<\/span> 18 Jahren mit Schulpferd im Ponyclub<\/td><td>120,00 \u20ac<\/td><\/tr><tr><td>Reitsch\u00fcler <span style=\"text-decoration: underline;\">unter<\/span> 18 Jahren mit Schulpferd in F\u00fchrz\u00fcgelstunde<\/td><td>120,00 \u20ac<\/td><\/tr><tr><td><\/td><td><\/td><\/tr><tr><td>Reitsch\u00fcler <span style=\"text-decoration: underline;\">unter<\/span> 18 Jahren mit Schulpferd (Gruppenreitstunde)<\/td><td>120,00 \u20ac<\/td><\/tr><tr><td>Reitsch\u00fcler <span style=\"text-decoration: underline;\">ab<\/span> 18 Jahren mit Schulpferd (Gruppenreitstunde)<\/td><td>120,00 \u20ac<\/td><\/tr><tr><td><\/td><td><\/td><\/tr><tr><td>Intensivreitstunde \u00e0 20 min<\/td><td>160,00 \u20ac<br>(bestehend aus 95,00 \u20ac Reitstundenkosten und 65,00 \u20ac Nutzungsentgelt f\u00fcr das Schulpferd)<\/td><\/tr><tr><td><\/td><td><\/td><\/tr><tr><td>Nutzungsentgelt f\u00fcr Schulpferd pro Monat<\/td><td>65,00 \u20ac<\/td><\/tr><\/tbody><\/table><\/figure>\n\n\n\n<div style=\"height:40px\" aria-hidden=\"true\" class=\"wp-block-spacer\"><\/div>\n\n\n\n<h4 class=\"wp-block-heading\">Reitstunden zur Probe<\/h4>\n\n\n\n<figure class=\"wp-block-table\"><table class=\"has-fixed-layout\"><tbody><tr><td>Reitstunden zur Probe<\/td><td>35,00 \u20ac<\/td><\/tr><tr><td>Longenstunden<\/td><td>35,00 \u20ac<\/td><\/tr><\/tbody><\/table><\/figure>\n\n\n\n<div style=\"height:50px\" aria-hidden=\"true\" class=\"wp-block-spacer\"><\/div>\n\n\n\n<h3 class=\"wp-block-heading\">Reit- oder Pflegebeteiligungen<\/h3>\n\n\n\n<p class=\"wp-block-paragraph\">F\u00fcr alle, die gar nicht genug Zeit mit Pferden verbringen k\u00f6nnen, ist es auch m\u00f6glich, sich im Rahmen einer Reit- oder Pflegebeteiligung intensiv um eines unserer Schulpferde zu k\u00fcmmern.<\/p>\n\n\n\n<p class=\"wp-block-paragraph\">Voraussetzung ist die erfolgreiche Teilnahme an Kurs und Pr\u00fcfung f\u00fcr den Pferdef\u00fchrerschein Umgang, sowie die Einhaltung der Regelungen aus dem jeweiligen Reitbeteiligungs- oder Pflegebeteiligungsvertrag.<\/p>\n\n\n\n<p class=\"wp-block-paragraph\"><strong>Reitbeteiligungen<\/strong> haben dann die M\u00f6glichkeit eigenst\u00e4ndig das jeweilige Pferd zu pflegen und zu bewegen, wenn ein Vorstandsmitglied oder Reitlehrer*in auf dem Hof sind. Vorausgesetzt wird hier au\u00dferdem, dass jede Reitbeteiligung einmal pro Woche an einer unserer Reitstunden teilnimmt.<\/p>\n\n\n\n<p class=\"wp-block-paragraph\"><strong>Pflegebeteiligungen<\/strong> k\u00f6nnen eigenst\u00e4ndig das jeweilige Pferd pflegen, wenn ein Vorstandsmitglied oder Reitlehrer*in auf dem Hof sind oder unter Aufsicht eines Elternteils.<\/p>\n\n\n\n<p class=\"wp-block-paragraph\">Je nach individueller Vereinbarung kann dies 1-3 pro Woche stattfinden.<\/p>\n\n\n\n<p class=\"wp-block-paragraph\">Bei Interesse sprecht bitte eure Reitlehrer*innen oder den Vorstand an.<\/p>\n","protected":false},"excerpt":{"rendered":"<p>Auch Reiter*innen ohne eigenes Pferd sind bei uns immer herzlich willkommen und haben die M\u00f6glichkeit in einer Schulstunde eines unserer Schulpferde&nbsp;zu reiten. Wir bieten Dressurunterricht f\u00fcr Kinder und Erwachsene jeden Alters. An mehreren Tagen in der Woche gibt es den Ponyclub, F\u00fchrz\u00fcgelgruppen und Minireitstunden um den &#8222;Kleinen&#8220; einen Einstieg in die Reiterei zu bieten. Der Reitunterricht wird von Pferdewirtschaftsmeisterin D. Zwosta und Pferdewirtin L. Adamek erteilt. An gesetzlichen Feiertagen und w\u00e4hrend unserer Schulpferdeferien (3-4 Wochen im Jahr) findet kein Unterricht statt. Anfragen f\u00fcr Reitstunden, Fragen zu Schulpferden und dem Unterricht k\u00f6nnen per E-Mail unter reitstunden@rsg-kostheim.de oder per Nachricht\/ Anruf unter +49 157 73932738 gestellt werden. Bitte ber\u00fccksichtigt bei euren Anfragen, dass wir nat\u00fcrlich den Gro\u00dfteil unserer Zeit bei und mit den Pferden und unseren Reitsch\u00fcler*innen verbringen, sodass eine R\u00fcckmeldung unter Umst\u00e4nden etwas Zeit in Anspruch nehmen kann. Vielen Dank f\u00fcr eure Geduld! Kosten f\u00fcr die Reitschule Monatliche Reitstundenbeitr\u00e4ge bei einer Reitstunde pro Woche Reitsch\u00fcler unter 18 Jahren mit Schulpferd im Ponyclub 120,00 \u20ac Reitsch\u00fcler unter 18 Jahren mit Schulpferd in F\u00fchrz\u00fcgelstunde 120,00 \u20ac Reitsch\u00fcler unter 18 Jahren mit Schulpferd (Gruppenreitstunde) 120,00 \u20ac Reitsch\u00fcler ab 18 Jahren mit Schulpferd (Gruppenreitstunde) 120,00 \u20ac Intensivreitstunde \u00e0 20 min 160,00 \u20ac(bestehend aus 95,00 \u20ac Reitstundenkosten und 65,00 \u20ac Nutzungsentgelt f\u00fcr das Schulpferd) Nutzungsentgelt f\u00fcr Schulpferd pro Monat 65,00 \u20ac Reitstunden zur Probe Reitstunden zur Probe 35,00 \u20ac Longenstunden 35,00 \u20ac Reit- oder Pflegebeteiligungen F\u00fcr alle, die gar nicht genug Zeit mit Pferden verbringen k\u00f6nnen, ist es auch m\u00f6glich, sich im Rahmen einer Reit- oder Pflegebeteiligung intensiv um eines unserer Schulpferde zu k\u00fcmmern. Voraussetzung ist die erfolgreiche Teilnahme an Kurs und Pr\u00fcfung f\u00fcr den Pferdef\u00fchrerschein Umgang, sowie die Einhaltung der Regelungen aus dem jeweiligen Reitbeteiligungs- oder Pflegebeteiligungsvertrag. Reitbeteiligungen haben dann die M\u00f6glichkeit eigenst\u00e4ndig das jeweilige Pferd zu pflegen und zu bewegen, wenn ein Vorstandsmitglied oder Reitlehrer*in auf dem Hof sind. Vorausgesetzt wird hier au\u00dferdem, dass jede Reitbeteiligung einmal pro Woche an einer unserer Reitstunden teilnimmt. Pflegebeteiligungen k\u00f6nnen eigenst\u00e4ndig das jeweilige Pferd pflegen, wenn ein Vorstandsmitglied oder Reitlehrer*in auf dem Hof sind oder unter Aufsicht eines Elternteils. Je nach individueller Vereinbarung kann dies 1-3 pro Woche stattfinden. Bei Interesse sprecht bitte eure Reitlehrer*innen oder den Vorstand an.<\/p>\n","protected":false},"author":1,"featured_media":0,"parent":0,"menu_order":0,"comment_status":"closed","ping_status":"closed","template":"","meta":{"_crdt_document":"","footnotes":""},"class_list":["post-1014","page","type-page","status-publish","hentry"],"_links":{"self":[{"href":"https:\/\/www.rsg-kostheim.de\/wordpress\/wp-json\/wp\/v2\/pages\/1014","targetHints":{"allow":["GET"]}}],"collection":[{"href":"https:\/\/www.rsg-kostheim.de\/wordpress\/wp-json\/wp\/v2\/pages"}],"about":[{"href":"https:\/\/www.rsg-kostheim.de\/wordpress\/wp-json\/wp\/v2\/types\/page"}],"author":[{"embeddable":true,"href":"https:\/\/www.rsg-kostheim.de\/wordpress\/wp-json\/wp\/v2\/users\/1"}],"replies":[{"embeddable":true,"href":"https:\/\/www.rsg-kostheim.de\/wordpress\/wp-json\/wp\/v2\/comments?post=1014"}],"version-history":[{"count":16,"href":"https:\/\/www.rsg-kostheim.de\/wordpress\/wp-json\/wp\/v2\/pages\/1014\/revisions"}],"predecessor-version":[{"id":2259,"href":"https:\/\/www.rsg-kostheim.de\/wordpress\/wp-json\/wp\/v2\/pages\/1014\/revisions\/2259"}],"wp:attachment":[{"href":"https:\/\/www.rsg-kostheim.de\/wordpress\/wp-json\/wp\/v2\/media?parent=1014"}],"curies":[{"name":"wp","href":"https:\/\/api.w.org\/{rel}","templated":true}]}}