{"id":1011,"date":"2025-08-05T16:54:26","date_gmt":"2025-08-05T14:54:26","guid":{"rendered":"https:\/\/www.rsg-kostheim.de\/wordpress\/?page_id=1011"},"modified":"2025-12-22T16:36:17","modified_gmt":"2025-12-22T15:36:17","slug":"vorstand","status":"publish","type":"page","link":"https:\/\/www.rsg-kostheim.de\/wordpress\/vorstand\/","title":{"rendered":"Vorstand"},"content":{"rendered":"\n<p class=\"wp-block-paragraph\">Der Vereinsvorstand ist das leitende Organ eines Vereins und tr\u00e4gt die Verantwortung f\u00fcr die Vereinsf\u00fchrung und -vertretung. Er ist f\u00fcr die Umsetzung des Vereinszwecks, die Verwaltung des Vereinsverm\u00f6gens, die Mitgliederverwaltung und die Kommunikation mit der \u00d6ffentlichkeit zust\u00e4ndig.<\/p>\n\n\n\n<p class=\"wp-block-paragraph\">Der Jugendvorstand in einem Verein hat die Aufgabe, die Interessen der jugendlichen Vereinsmitglieder zu vertreten und die Jugendarbeit aktiv mitzugestalten. Er ist das Bindeglied zwischen den Jugendlichen und dem restlichen Vereinsvorstand und organisiert verschiedene Aktionen und Veranstaltungen f\u00fcr die Jugend.<\/p>\n\n\n\n<p class=\"wp-block-paragraph\"><strong>1. Vorsitzende<\/strong>: Frau S. Bruno-Koch<\/p>\n\n\n\n<p class=\"wp-block-paragraph\"><strong>2. Vorsitzende<\/strong>: Frau V. Morbitzer<\/p>\n\n\n\n<p class=\"wp-block-paragraph\"><strong>Schriftf\u00fchrerinnen<\/strong>: Frau C. Preis &amp; Frau P. Onderka<\/p>\n\n\n\n<p class=\"wp-block-paragraph\"><strong>Kassiererin<\/strong>: Frau J. Butsch<\/p>\n\n\n\n<p class=\"wp-block-paragraph\"><strong>\u00d6ffentlichkeitsarbeit<\/strong>: Frau S. Stillhammer<\/p>\n\n\n\n<p class=\"wp-block-paragraph\"><strong>Jugendwartinnen<\/strong>: Frau T. Menge &amp; Frau L. Kopp<\/p>\n\n\n\n<p class=\"wp-block-paragraph\"><strong>Sportwartin<\/strong>: Frau J. Schierholz<\/p>\n\n\n\n<p class=\"wp-block-paragraph\"><strong>Beauftragte f. d. Allg. Pferdesport u. Umwelt<\/strong>: Frau J. Liese<\/p>\n\n\n\n<p class=\"wp-block-paragraph\"><strong>Platz- und Hallenwart<\/strong>: Roberto Bruno<\/p>\n","protected":false},"excerpt":{"rendered":"<p>Der Vereinsvorstand ist das leitende Organ eines Vereins und tr\u00e4gt die Verantwortung f\u00fcr die Vereinsf\u00fchrung und -vertretung. Er ist f\u00fcr die Umsetzung des Vereinszwecks, die Verwaltung des Vereinsverm\u00f6gens, die Mitgliederverwaltung und die Kommunikation mit der \u00d6ffentlichkeit zust\u00e4ndig. Der Jugendvorstand in einem Verein hat die Aufgabe, die Interessen der jugendlichen Vereinsmitglieder zu vertreten und die Jugendarbeit aktiv mitzugestalten. Er ist das Bindeglied zwischen den Jugendlichen und dem restlichen Vereinsvorstand und organisiert verschiedene Aktionen und Veranstaltungen f\u00fcr die Jugend. 1. Vorsitzende: Frau S. Bruno-Koch 2. Vorsitzende: Frau V. Morbitzer Schriftf\u00fchrerinnen: Frau C. Preis &amp; Frau P. Onderka Kassiererin: Frau J. Butsch \u00d6ffentlichkeitsarbeit: Frau S. Stillhammer Jugendwartinnen: Frau T. Menge &amp; Frau L. Kopp Sportwartin: Frau J. Schierholz Beauftragte f. d. Allg. Pferdesport u. Umwelt: Frau J. Liese Platz- und Hallenwart: Roberto Bruno<\/p>\n","protected":false},"author":1,"featured_media":0,"parent":0,"menu_order":0,"comment_status":"closed","ping_status":"closed","template":"","meta":{"_crdt_document":"","footnotes":""},"class_list":["post-1011","page","type-page","status-publish","hentry"],"_links":{"self":[{"href":"https:\/\/www.rsg-kostheim.de\/wordpress\/wp-json\/wp\/v2\/pages\/1011","targetHints":{"allow":["GET"]}}],"collection":[{"href":"https:\/\/www.rsg-kostheim.de\/wordpress\/wp-json\/wp\/v2\/pages"}],"about":[{"href":"https:\/\/www.rsg-kostheim.de\/wordpress\/wp-json\/wp\/v2\/types\/page"}],"author":[{"embeddable":true,"href":"https:\/\/www.rsg-kostheim.de\/wordpress\/wp-json\/wp\/v2\/users\/1"}],"replies":[{"embeddable":true,"href":"https:\/\/www.rsg-kostheim.de\/wordpress\/wp-json\/wp\/v2\/comments?post=1011"}],"version-history":[{"count":6,"href":"https:\/\/www.rsg-kostheim.de\/wordpress\/wp-json\/wp\/v2\/pages\/1011\/revisions"}],"predecessor-version":[{"id":2104,"href":"https:\/\/www.rsg-kostheim.de\/wordpress\/wp-json\/wp\/v2\/pages\/1011\/revisions\/2104"}],"wp:attachment":[{"href":"https:\/\/www.rsg-kostheim.de\/wordpress\/wp-json\/wp\/v2\/media?parent=1011"}],"curies":[{"name":"wp","href":"https:\/\/api.w.org\/{rel}","templated":true}]}}