{"id":1003,"date":"2025-08-05T16:02:44","date_gmt":"2025-08-05T14:02:44","guid":{"rendered":"https:\/\/www.rsg-kostheim.de\/wordpress\/?page_id=1003"},"modified":"2026-01-28T19:28:59","modified_gmt":"2026-01-28T18:28:59","slug":"rsg-unterstuetzen","status":"publish","type":"page","link":"https:\/\/www.rsg-kostheim.de\/wordpress\/rsg-unterstuetzen\/","title":{"rendered":"Den Verein unterst\u00fctzen"},"content":{"rendered":"\n<p class=\"wp-block-paragraph\">Unser Verein lebt vom Engagement und der Unterst\u00fctzung vieler \u2013 von Mitglieder, Familien, Freunden und F\u00f6rderern. Ob mit Zeit, Ideen, finanziellen Mitteln oder helfenden H\u00e4nden: Jeder Beitrag macht einen Unterschied!<\/p>\n\n\n\n<p class=\"wp-block-paragraph\">Auf dieser Seite zeigen wir dir, wie du Teil unserer Gemeinschaft werden und aktiv zum Erhalt und zur Weiterentwicklung unseres Vereinslebens beitragen kannst. Lass dich inspirieren \u2013 wir freuen uns auf dich!<\/p>\n\n\n\n<div style=\"height:60px\" aria-hidden=\"true\" class=\"wp-block-spacer\"><\/div>\n\n\n\n<h3 class=\"wp-block-heading\">Sach- und Geldspenden<\/h3>\n\n\n\n<div class=\"wp-block-media-text is-stacked-on-mobile is-vertically-aligned-top\" style=\"grid-template-columns:32% auto\"><figure class=\"wp-block-media-text__media\"><img loading=\"lazy\" decoding=\"async\" width=\"1024\" height=\"683\" src=\"https:\/\/www.rsg-kostheim.de\/wordpress\/wp-content\/uploads\/2025\/08\/chang-duong-ZshVGzJ6a_s-unsplash-1024x683.jpg\" alt=\"\" class=\"wp-image-1175 size-full\" srcset=\"https:\/\/www.rsg-kostheim.de\/wordpress\/wp-content\/uploads\/2025\/08\/chang-duong-ZshVGzJ6a_s-unsplash-1024x683.jpg 1024w, https:\/\/www.rsg-kostheim.de\/wordpress\/wp-content\/uploads\/2025\/08\/chang-duong-ZshVGzJ6a_s-unsplash-300x200.jpg 300w, https:\/\/www.rsg-kostheim.de\/wordpress\/wp-content\/uploads\/2025\/08\/chang-duong-ZshVGzJ6a_s-unsplash-768x512.jpg 768w, https:\/\/www.rsg-kostheim.de\/wordpress\/wp-content\/uploads\/2025\/08\/chang-duong-ZshVGzJ6a_s-unsplash-1536x1024.jpg 1536w, https:\/\/www.rsg-kostheim.de\/wordpress\/wp-content\/uploads\/2025\/08\/chang-duong-ZshVGzJ6a_s-unsplash-2048x1365.jpg 2048w, https:\/\/www.rsg-kostheim.de\/wordpress\/wp-content\/uploads\/2025\/08\/chang-duong-ZshVGzJ6a_s-unsplash-1140x760.jpg 1140w\" sizes=\"auto, (max-width: 1024px) 100vw, 1024px\" \/><\/figure><div class=\"wp-block-media-text__content\">\n<p class=\"wp-block-paragraph\">Unsere Schulpferde leisten tagt\u00e4glich Gro\u00dfartiges \u2013 sie tragen Anf\u00e4nger*innen mit Ruhe und Geduld, begleiten Kinder auf ihrem Weg ins Reiterleben und schenken unz\u00e4hligen Reitsch\u00fcler*innen wertvolle Erfahrungen. Damit sie diese wichtige Aufgabe auch weiterhin mit Freude und in bester Ausstattung erf\u00fcllen k\u00f6nnen, sind wir als Verein auf Unterst\u00fctzung angewiesen.<\/p>\n\n\n\n<p class=\"wp-block-paragraph\">Ob Putzsachen, gut sitzende Halfter, passende S\u00e4ttel oder andere n\u00fctzliche Dinge rund um Stall und Pferd \u2013 mit Sach- oder Geldspenden hilfst du direkt dabei, die Versorgung und das Wohlergehen unserer Schulpferde sicherzustellen. Auch unsere Reitsch\u00fcler*innen profitieren davon, wenn sie z.\u202fB. mit neuen B\u00fcrsten die Pferdepflege noch sch\u00f6ner und gr\u00fcndlicher erleben k\u00f6nnen. Jede Spende \u2013 ob klein oder gro\u00df \u2013 macht einen Unterschied.<\/p>\n\n\n\n<p class=\"wp-block-paragraph\">Eine \u00dcbersicht mit den derzeitigen &#8222;W\u00fcnschen&#8220; unserer Schulpferde findest du <a href=\"http:\/\/rsg-kostheim.de\/wunschliste\" target=\"_blank\" rel=\"noreferrer noopener\">www.rsg-kostheim.de\/wunschliste<\/a><\/p>\n<\/div><\/div>\n\n\n\n<p class=\"has-text-align-left wp-block-paragraph\"><strong>Unsere Kontoverbindung:<\/strong><\/p>\n\n\n\n<p class=\"has-text-align-left wp-block-paragraph\">Zahlungsempf\u00e4nger: Reitsportgemeinschaft<\/p>\n\n\n\n<p class=\"has-text-align-left wp-block-paragraph\">IBAN: DE83 5519 0000&nbsp;0435 4770 13<\/p>\n\n\n\n<p class=\"has-text-align-left wp-block-paragraph\">BIC: MVBMDE55XXX<\/p>\n\n\n\n<div style=\"height:50px\" aria-hidden=\"true\" class=\"wp-block-spacer\"><\/div>\n\n\n\n<p class=\"wp-block-paragraph\"><strong>Spendenbescheinigung gew\u00fcnscht?<\/strong><br>Gerne stellen wir dir auf Wunsch eine Spendenbescheinigung aus. Wende dich daf\u00fcr einfach an unseren Vorstand oder direkt an unsere Kassiererin \u2013 wir helfen dir gerne weiter und bedanken uns schon jetzt herzlich f\u00fcr deine Unterst\u00fctzung!<\/p>\n\n\n\n<div style=\"height:60px\" aria-hidden=\"true\" class=\"wp-block-spacer\"><\/div>\n\n\n\n<h3 class=\"wp-block-heading\">Arbeitseins\u00e4tze<\/h3>\n\n\n\n<div class=\"wp-block-media-text has-media-on-the-right is-stacked-on-mobile is-vertically-aligned-top\" style=\"grid-template-columns:auto 20%\"><div class=\"wp-block-media-text__content\">\n<p class=\"wp-block-paragraph\">An jedem letzten Samstag im Monat treffen wir uns gemeinsam auf unserer Reitanlage ab 11 Uhr, um anstehende Arbeiten rund um unsere Reithalle, die Klause und die Au\u00dfenanlage zu erledigen.<\/p>\n\n\n\n<p class=\"wp-block-paragraph\">F\u00fcr Verpflegung der gro\u00dfen und kleinen Helfer*innen ist immer gut gesorgt.<\/p>\n\n\n\n<p class=\"wp-block-paragraph\">Weitere Infos zu unseren Arbeitseins\u00e4tzen findest du <a href=\"https:\/\/www.rsg-kostheim.de\/wordpress\/arbeitseinsaetze\/\" data-type=\"page\" data-id=\"1025\">HIER<\/a>.<\/p>\n<\/div><figure class=\"wp-block-media-text__media\"><img loading=\"lazy\" decoding=\"async\" width=\"668\" height=\"1024\" src=\"https:\/\/www.rsg-kostheim.de\/wordpress\/wp-content\/uploads\/2025\/08\/jennifer-grismer-tUl4EiSysBw-unsplash-668x1024.jpg\" alt=\"\" class=\"wp-image-1181 size-full\" srcset=\"https:\/\/www.rsg-kostheim.de\/wordpress\/wp-content\/uploads\/2025\/08\/jennifer-grismer-tUl4EiSysBw-unsplash-668x1024.jpg 668w, https:\/\/www.rsg-kostheim.de\/wordpress\/wp-content\/uploads\/2025\/08\/jennifer-grismer-tUl4EiSysBw-unsplash-196x300.jpg 196w, https:\/\/www.rsg-kostheim.de\/wordpress\/wp-content\/uploads\/2025\/08\/jennifer-grismer-tUl4EiSysBw-unsplash-768x1176.jpg 768w, https:\/\/www.rsg-kostheim.de\/wordpress\/wp-content\/uploads\/2025\/08\/jennifer-grismer-tUl4EiSysBw-unsplash-1003x1536.jpg 1003w, https:\/\/www.rsg-kostheim.de\/wordpress\/wp-content\/uploads\/2025\/08\/jennifer-grismer-tUl4EiSysBw-unsplash-1337x2048.jpg 1337w, https:\/\/www.rsg-kostheim.de\/wordpress\/wp-content\/uploads\/2025\/08\/jennifer-grismer-tUl4EiSysBw-unsplash-1140x1746.jpg 1140w, https:\/\/www.rsg-kostheim.de\/wordpress\/wp-content\/uploads\/2025\/08\/jennifer-grismer-tUl4EiSysBw-unsplash-scaled.jpg 1671w\" sizes=\"auto, (max-width: 668px) 100vw, 668px\" \/><\/figure><\/div>\n\n\n\n<div style=\"height:60px\" aria-hidden=\"true\" class=\"wp-block-spacer\"><\/div>\n\n\n\n<h3 class=\"wp-block-heading\">Kuchenspenden f\u00fcr RSG Veranstaltungen<\/h3>\n\n\n\n<div class=\"wp-block-media-text has-media-on-the-right is-stacked-on-mobile is-vertically-aligned-top\" style=\"grid-template-columns:auto 18%\"><div class=\"wp-block-media-text__content\">\n<p class=\"wp-block-paragraph\">Regelm\u00e4\u00dfig veranstalten wir verschiedene Events auf dem Hof, wie zum Beispiel das Ponyreiten f\u00fcr die j\u00fcngsten Mitglieder und Nichtmitglieder oder auch unseren j\u00e4hrlichen Reitertag. Damit alle Teilnehmer*innen und G\u00e4ste bei diesen Events gut versorgt sind, freuen wir uns immer sehr \u00fcber Spenden f\u00fcr das Kuchen- \/ Fingerfood-Buffet.<\/p>\n<\/div><figure class=\"wp-block-media-text__media\"><img loading=\"lazy\" decoding=\"async\" width=\"683\" height=\"1024\" src=\"https:\/\/www.rsg-kostheim.de\/wordpress\/wp-content\/uploads\/2025\/08\/heather-ford-Fq54FqucgCE-unsplash-683x1024.jpg\" alt=\"\" class=\"wp-image-1179 size-full\" srcset=\"https:\/\/www.rsg-kostheim.de\/wordpress\/wp-content\/uploads\/2025\/08\/heather-ford-Fq54FqucgCE-unsplash-683x1024.jpg 683w, https:\/\/www.rsg-kostheim.de\/wordpress\/wp-content\/uploads\/2025\/08\/heather-ford-Fq54FqucgCE-unsplash-200x300.jpg 200w, https:\/\/www.rsg-kostheim.de\/wordpress\/wp-content\/uploads\/2025\/08\/heather-ford-Fq54FqucgCE-unsplash-768x1152.jpg 768w, https:\/\/www.rsg-kostheim.de\/wordpress\/wp-content\/uploads\/2025\/08\/heather-ford-Fq54FqucgCE-unsplash-1024x1536.jpg 1024w, https:\/\/www.rsg-kostheim.de\/wordpress\/wp-content\/uploads\/2025\/08\/heather-ford-Fq54FqucgCE-unsplash-1365x2048.jpg 1365w, https:\/\/www.rsg-kostheim.de\/wordpress\/wp-content\/uploads\/2025\/08\/heather-ford-Fq54FqucgCE-unsplash-1140x1710.jpg 1140w, https:\/\/www.rsg-kostheim.de\/wordpress\/wp-content\/uploads\/2025\/08\/heather-ford-Fq54FqucgCE-unsplash-scaled.jpg 1707w\" sizes=\"auto, (max-width: 683px) 100vw, 683px\" \/><\/figure><\/div>\n\n\n\n<p class=\"wp-block-paragraph\"><\/p>\n","protected":false},"excerpt":{"rendered":"<p>Unser Verein lebt vom Engagement und der Unterst\u00fctzung vieler \u2013 von Mitglieder, Familien, Freunden und F\u00f6rderern. Ob mit Zeit, Ideen, finanziellen Mitteln oder helfenden H\u00e4nden: Jeder Beitrag macht einen Unterschied! Auf dieser Seite zeigen wir dir, wie du Teil unserer Gemeinschaft werden und aktiv zum Erhalt und zur Weiterentwicklung unseres Vereinslebens beitragen kannst. Lass dich inspirieren \u2013 wir freuen uns auf dich! Sach- und Geldspenden Unsere Schulpferde leisten tagt\u00e4glich Gro\u00dfartiges \u2013 sie tragen Anf\u00e4nger*innen mit Ruhe und Geduld, begleiten Kinder auf ihrem Weg ins Reiterleben und schenken unz\u00e4hligen Reitsch\u00fcler*innen wertvolle Erfahrungen. Damit sie diese wichtige Aufgabe auch weiterhin mit Freude und in bester Ausstattung erf\u00fcllen k\u00f6nnen, sind wir als Verein auf Unterst\u00fctzung angewiesen. Ob Putzsachen, gut sitzende Halfter, passende S\u00e4ttel oder andere n\u00fctzliche Dinge rund um Stall und Pferd \u2013 mit Sach- oder Geldspenden hilfst du direkt dabei, die Versorgung und das Wohlergehen unserer Schulpferde sicherzustellen. Auch unsere Reitsch\u00fcler*innen profitieren davon, wenn sie z.\u202fB. mit neuen B\u00fcrsten die Pferdepflege noch sch\u00f6ner und gr\u00fcndlicher erleben k\u00f6nnen. Jede Spende \u2013 ob klein oder gro\u00df \u2013 macht einen Unterschied. Eine \u00dcbersicht mit den derzeitigen &#8222;W\u00fcnschen&#8220; unserer Schulpferde findest du www.rsg-kostheim.de\/wunschliste Unsere Kontoverbindung: Zahlungsempf\u00e4nger: Reitsportgemeinschaft IBAN: DE83 5519 0000&nbsp;0435 4770 13 BIC: MVBMDE55XXX Spendenbescheinigung gew\u00fcnscht?Gerne stellen wir dir auf Wunsch eine Spendenbescheinigung aus. Wende dich daf\u00fcr einfach an unseren Vorstand oder direkt an unsere Kassiererin \u2013 wir helfen dir gerne weiter und bedanken uns schon jetzt herzlich f\u00fcr deine Unterst\u00fctzung! Arbeitseins\u00e4tze An jedem letzten Samstag im Monat treffen wir uns gemeinsam auf unserer Reitanlage ab 11 Uhr, um anstehende Arbeiten rund um unsere Reithalle, die Klause und die Au\u00dfenanlage zu erledigen. F\u00fcr Verpflegung der gro\u00dfen und kleinen Helfer*innen ist immer gut gesorgt. Weitere Infos zu unseren Arbeitseins\u00e4tzen findest du HIER. Kuchenspenden f\u00fcr RSG Veranstaltungen Regelm\u00e4\u00dfig veranstalten wir verschiedene Events auf dem Hof, wie zum Beispiel das Ponyreiten f\u00fcr die j\u00fcngsten Mitglieder und Nichtmitglieder oder auch unseren j\u00e4hrlichen Reitertag. Damit alle Teilnehmer*innen und G\u00e4ste bei diesen Events gut versorgt sind, freuen wir uns immer sehr \u00fcber Spenden f\u00fcr das Kuchen- \/ Fingerfood-Buffet.<\/p>\n","protected":false},"author":1,"featured_media":0,"parent":0,"menu_order":0,"comment_status":"closed","ping_status":"closed","template":"","meta":{"_crdt_document":"","footnotes":""},"class_list":["post-1003","page","type-page","status-publish","hentry"],"_links":{"self":[{"href":"https:\/\/www.rsg-kostheim.de\/wordpress\/wp-json\/wp\/v2\/pages\/1003","targetHints":{"allow":["GET"]}}],"collection":[{"href":"https:\/\/www.rsg-kostheim.de\/wordpress\/wp-json\/wp\/v2\/pages"}],"about":[{"href":"https:\/\/www.rsg-kostheim.de\/wordpress\/wp-json\/wp\/v2\/types\/page"}],"author":[{"embeddable":true,"href":"https:\/\/www.rsg-kostheim.de\/wordpress\/wp-json\/wp\/v2\/users\/1"}],"replies":[{"embeddable":true,"href":"https:\/\/www.rsg-kostheim.de\/wordpress\/wp-json\/wp\/v2\/comments?post=1003"}],"version-history":[{"count":23,"href":"https:\/\/www.rsg-kostheim.de\/wordpress\/wp-json\/wp\/v2\/pages\/1003\/revisions"}],"predecessor-version":[{"id":2188,"href":"https:\/\/www.rsg-kostheim.de\/wordpress\/wp-json\/wp\/v2\/pages\/1003\/revisions\/2188"}],"wp:attachment":[{"href":"https:\/\/www.rsg-kostheim.de\/wordpress\/wp-json\/wp\/v2\/media?parent=1003"}],"curies":[{"name":"wp","href":"https:\/\/api.w.org\/{rel}","templated":true}]}}